{"id":678,"date":"2021-03-09T09:57:32","date_gmt":"2021-03-09T08:57:32","guid":{"rendered":"https:\/\/mao.si\/shop\/?post_type=product&#038;p=678"},"modified":"2025-11-28T11:48:14","modified_gmt":"2025-11-28T10:48:14","slug":"jani-bavcer-na-soncni-strani-alp","status":"publish","type":"product","link":"https:\/\/mao.si\/shop\/izdelek\/jani-bavcer-na-soncni-strani-alp\/","title":{"rendered":"Jani Bav\u010der: Na son\u010dni strani Alp"},"content":{"rendered":"<p>Avtor: Jani Bav\u010der<br \/>\nNaslov: Na son\u010dni strani Alp<br \/>\nLeto nastanka: 1984 in 1988<br \/>\nVelikost: 50x70cm<br \/>\nTisk na zahtevo: 30x40cm (<strong>6,99\u20ac<\/strong>)<br \/>\nMo\u017ena so rahla odstopanja v proporcih.<\/p>\n<p>&nbsp;<\/p>\n","protected":false},"excerpt":{"rendered":"<p>Avtor: Jani Bav\u010der Naslov: Na son\u010dni strani Alp Leto nastanka: 1984 in 1988 Velikost: 50x70cm Tisk na zahtevo: 30x40cm (6,99\u20ac) Mo\u017ena so rahla odstopanja v proporcih. &nbsp;<\/p>\n","protected":false},"featured_media":628,"template":"","meta":[],"product_cat":[30],"product_tag":[],"_links":{"self":[{"href":"https:\/\/mao.si\/shop\/wp-json\/wp\/v2\/product\/678"}],"collection":[{"href":"https:\/\/mao.si\/shop\/wp-json\/wp\/v2\/product"}],"about":[{"href":"https:\/\/mao.si\/shop\/wp-json\/wp\/v2\/types\/product"}],"wp:featuredmedia":[{"embeddable":true,"href":"https:\/\/mao.si\/shop\/wp-json\/wp\/v2\/media\/628"}],"wp:attachment":[{"href":"https:\/\/mao.si\/shop\/wp-json\/wp\/v2\/media?parent=678"}],"wp:term":[{"taxonomy":"product_cat","embeddable":true,"href":"https:\/\/mao.si\/shop\/wp-json\/wp\/v2\/product_cat?post=678"},{"taxonomy":"product_tag","embeddable":true,"href":"https:\/\/mao.si\/shop\/wp-json\/wp\/v2\/product_tag?post=678"}],"curies":[{"name":"wp","href":"https:\/\/api.w.org\/{rel}","templated":true}]}}