{"id":511,"date":"2021-03-08T12:24:13","date_gmt":"2021-03-08T11:24:13","guid":{"rendered":"https:\/\/mao.si\/shop\/?post_type=product&#038;p=511"},"modified":"2025-12-28T10:50:25","modified_gmt":"2025-12-28T09:50:25","slug":"diabetes-tam-tam","status":"publish","type":"product","link":"https:\/\/mao.si\/shop\/izdelek\/diabetes-tam-tam\/","title":{"rendered":"Diabetes &#8211; TAM-TAM"},"content":{"rendered":"<p>Avtorji: Maru\u0161a Lek\u0161e, Zala Sajko, Ciril Tr\u010dek (Luna \/ TBWA)<\/p>\n<div class=\"et-pro-summary-top\">\n<div class=\"woocommerce-product-details__short-description\">\n<p>Velikost: 100x70cm<\/p>\n<\/div>\n<\/div>\n","protected":false},"excerpt":{"rendered":"<p>TAM &#8211; TAMov\u00a0<strong>Plaktivat<\/strong>\u00a0je dru\u017ebeno-odgovorni projekt, ki vabi k ustvarjanju mestnih plakatov in spodbuja k pozitivnim premikom v dru\u017ebi.<\/p>\n<p>&nbsp;<\/p>\n","protected":false},"featured_media":514,"template":"","meta":[],"product_cat":[30],"product_tag":[],"_links":{"self":[{"href":"https:\/\/mao.si\/shop\/wp-json\/wp\/v2\/product\/511"}],"collection":[{"href":"https:\/\/mao.si\/shop\/wp-json\/wp\/v2\/product"}],"about":[{"href":"https:\/\/mao.si\/shop\/wp-json\/wp\/v2\/types\/product"}],"wp:featuredmedia":[{"embeddable":true,"href":"https:\/\/mao.si\/shop\/wp-json\/wp\/v2\/media\/514"}],"wp:attachment":[{"href":"https:\/\/mao.si\/shop\/wp-json\/wp\/v2\/media?parent=511"}],"wp:term":[{"taxonomy":"product_cat","embeddable":true,"href":"https:\/\/mao.si\/shop\/wp-json\/wp\/v2\/product_cat?post=511"},{"taxonomy":"product_tag","embeddable":true,"href":"https:\/\/mao.si\/shop\/wp-json\/wp\/v2\/product_tag?post=511"}],"curies":[{"name":"wp","href":"https:\/\/api.w.org\/{rel}","templated":true}]}}