{"id":4525,"date":"2025-11-05T13:46:07","date_gmt":"2025-11-05T12:46:07","guid":{"rendered":"https:\/\/mao.si\/shop\/?post_type=product&#038;p=4525"},"modified":"2026-02-23T14:41:47","modified_gmt":"2026-02-23T13:41:47","slug":"struktura-modernosti-iskanja-edvarda-ravnikarja","status":"publish","type":"product","link":"https:\/\/mao.si\/shop\/izdelek\/struktura-modernosti-iskanja-edvarda-ravnikarja\/","title":{"rendered":"Struktura modernosti: iskanja Edvarda Ravnikarja"},"content":{"rendered":"<p>Izdajatelj: Muzej za arhitekturo in oblikovanje (MAO)<br \/>\nZanj: Maja Vardjan, direktorica<br \/>\nUrednik: Milo\u0161 Kosec<br \/>\nIzvr\u0161na urednica: Martina Male\u0161i\u010d<br \/>\nStrokovni sodelavki: Maru\u0161a Dra\u017eil, Nika Novak<\/p>\n<p>Grafi\u010dno oblikovanje: items<br \/>\nFotografije: Peter \u017dargi in zbirka MAO<br \/>\nLektura: Katja Paladin (sloven\u0161\u010dina), Jeff Bickert (angle\u0161\u010dina)<br \/>\nPrevod: Andreja \u0160alamon Verbi\u010d (angle\u0161\u010dina), Marjana Oni\u0161ak (italijan\u0161\u010dina)<br \/>\nRecenzentki: Nika Grabar, Barbara Predan<\/p>\n<p>Tisk: Collegium Graphicum, Ljubljana<br \/>\nNaklada: 500 izvodov<\/p>\n<p>Ljubljana 2025<\/p>\n","protected":false},"excerpt":{"rendered":"<p><strong>Arhitekt Edvard Ravnikar je s svojo metodo dela vedno znova dokazoval, da se ustvarjalnost porodi ravno iz napajanja z ustvarjalnim dvomom in s kriti\u010dno analizo stanja, ki sta temelja vsake izvirne intervencije v svet. Zato v \u010dasu dru\u017ebenih in okoljskih sprememb 21. stoletja Ravnikarjeva arhitektura ni samo poglavje iz zgodovine modernizma, ampak tudi intelektualni izziv, ki ka\u017ee, kako lahko arhitekt s kultivacijo ustvarjalnega dvoma v prostoru, risbi, sliki in besedi posega v polje dru\u017ebenega in tako postavlja ogrodje bolj\u0161ega sveta.<\/strong><\/p>\n<p>Dvojezi\u010dna znanstvena monografija\u00a0<strong>Struktura modernosti: iskanja Edvarda Ravnikarja<\/strong>\u00a0predstavlja nove prispevke raziskovalcev o delu in misli Edvarda Ravnikarja, ki raziskovalni poudarek od preu\u010devanja realiziranih Ravnikarjevih del premikajo proti arhitektovemu specifi\u010dnemu ustvarjalnemu procesu. Pet sklopov Ravnikarjevega ustvarjanja za slovensko in tudi mednarodno zgodovino arhitekturnega modernizma pomenijo to\u010dke intelektualnega in ustvarjalnega preobrata. Susanna Campeotto pi\u0161e o Ravnikarjevih spominskih ureditvah iz petdesetih in zgodnjih \u0161estdesetih let, ki so ustvarile nov, s krajino intimno povezan spominski jezik, ki je likovnost modernizma zdru\u017eeval z izku\u0161njami iz Ple\u010dnikove \u0161ole. Ale\u0161 Vodopivec zasnovo in proces izgradnje stavbe Okrajnega ljudskega odbora Kranj razume kot izvirno sintezo modernizma in tradicije, ki je osnovni temeljni kamen slovenske arhitekturne samozavesti dvajsetega stoletja. Vladimir Kuli\u0107 bere Ravnikarjev proces ustvarjanja Trga revolucije v Ljubljani kot ustvarjanje novega arhitekturnega znanja, ki je zasidrano v tradiciji in od nje obenem tudi emancipirano. Milo\u0161 Kosec v neuresni\u010denih urbanisti\u010dnih na\u010drtih za Skopje in Benetke i\u0161\u010de sledi Ravnikarjevega radikalnega urbanisti\u010dnega projekta, temelje\u010dega na podlagi kriti\u010dne analize problemov, ki jih je v \u0161estdesetih letih vse o\u010ditneje povzro\u010dal ortodoksni modernizem, namesto, da bi jih razre\u0161eval. Martina Male\u0161i\u010d z raziskavo ukvarjanja arhitekta in njegovih u\u010denk in u\u010dencev z vpra\u0161anjem modernega stanovanja poudarja pomen Ravnikarjevega seminarja kot ustvarjalnega laboratorija idej in njihove diseminacije v strokovni in splo\u0161ni javnosti. Nika Novak in Maru\u0161a Dra\u017eil predstavljata strokovne dileme pri sprejemu in obdelavi Ravnikarjeve zapu\u0161\u010dine v Muzeju za arhitekturo in oblikovanje, ki odpirajo tudi vpra\u0161anja hrambe in dostopnosti arhitekturnih arhivov v enaindvajsetem stoletju. Slikovne priloge predstavljajo izbor arhivskega gradiva iz Ravnikarjevega arhiva zbirke Muzeja za arhitekturo in oblikovanje. Fotografije Petra \u017dargija pa so avtorski komentar stanja, ohranjenosti in (ne)ustrezne rabe Ravnikarjevih del v letu 2023.<\/p>\n","protected":false},"featured_media":4572,"template":"","meta":[],"product_cat":[27],"product_tag":[],"_links":{"self":[{"href":"https:\/\/mao.si\/shop\/wp-json\/wp\/v2\/product\/4525"}],"collection":[{"href":"https:\/\/mao.si\/shop\/wp-json\/wp\/v2\/product"}],"about":[{"href":"https:\/\/mao.si\/shop\/wp-json\/wp\/v2\/types\/product"}],"wp:featuredmedia":[{"embeddable":true,"href":"https:\/\/mao.si\/shop\/wp-json\/wp\/v2\/media\/4572"}],"wp:attachment":[{"href":"https:\/\/mao.si\/shop\/wp-json\/wp\/v2\/media?parent=4525"}],"wp:term":[{"taxonomy":"product_cat","embeddable":true,"href":"https:\/\/mao.si\/shop\/wp-json\/wp\/v2\/product_cat?post=4525"},{"taxonomy":"product_tag","embeddable":true,"href":"https:\/\/mao.si\/shop\/wp-json\/wp\/v2\/product_tag?post=4525"}],"curies":[{"name":"wp","href":"https:\/\/api.w.org\/{rel}","templated":true}]}}