{"id":4522,"date":"2025-10-29T10:28:23","date_gmt":"2025-10-29T09:28:23","guid":{"rendered":"https:\/\/mao.si\/shop\/product\/the-century-of-the-poster-slovenian-poster-design-in-the-20th-century\/"},"modified":"2026-02-16T13:57:34","modified_gmt":"2026-02-16T12:57:34","slug":"the-century-of-the-poster-slovenian-poster-design-in-the-20th-century","status":"publish","type":"product","link":"https:\/\/mao.si\/shop\/izdelek\/the-century-of-the-poster-slovenian-poster-design-in-the-20th-century\/","title":{"rendered":"The Century of the Poster: Slovenian Poster Design in the 20th Century"},"content":{"rendered":"<p>Avtorica in urednica: dr. Cvetka Po\u017ear<br \/>\nRecenzenta: dr. Stane Bernik, dr. Fedja Vuki\u0107<br \/>\nPrevodi: Darja Horvati\u010d, Andreja Verbi\u010d \u0160alamon<br \/>\nLektura in urejanje:\u00a0Jeff Bickert<br \/>\nOblikovanje: Ajdin Ba\u0161i\u0107, \u0160pela Razpotnik<\/p>\n<p>TIPOGRAFIJE<br \/>\nTisa Pro, Tisa Pro Sans (Mitja Miklav\u010di\u010d)<br \/>\nVesna (Alja Herlah, Type Salon)<br \/>\nNarod (Domen Fras)<br \/>\nGospodar (Jure Ko\u017euh).<\/p>\n<p>Tisk:\u00a0Kerschoffset, Zagreb<\/p>\n<p>Ljubljana 2025, 390 str., angle\u0161\u010dina, il.<\/p>\n<p>ISBN 978-961-7247-03-9<\/p>\n","protected":false},"excerpt":{"rendered":"<p><strong>Cvetka Po\u017ear, The Century of the Poster. Slovenian Poster Design in the 20th Century<\/strong><\/p>\n<p>Knjiga <strong><em>Stoletje plakata. Plakat 20. stoletja na Slovenskem<\/em><\/strong><strong>,<\/strong> avtorice <strong>dr. Cvetke Po\u017ear<\/strong>, je bila prvi\u010d izdana ob istoimenski razstavi, ki je bila leta 2015 na ogled v <strong>Muzeju za arhitekturo in oblikovanje (MAO)<\/strong> v Ljubljani. Ta zelo cenjena razstava je prikazala plakat kot neposreden in u\u010dinkovit medij vizualnega komuniciranja, ki \u017ee ve\u010d kot stoletje priteguje ob\u010dinstvo v javnem prostoru s svojo prepri\u010dljivo kombinacijo slike in besede.<\/p>\n<p>Knjiga, ki zajema ve\u010d kot stoletje dru\u017ebenih, kulturnih in tehnolo\u0161kih sprememb, ponuja podrobno tipolo\u0161ko in slogovno analizo plakata kot medija mno\u017ei\u010dnega komuniciranja. Dr. Po\u017ear raziskuje, kako se je plakat v Sloveniji \u2013 podobno kot drugod po Evropi \u2013 razvil v mo\u010dno vizualno orodje, ki je oblikovalo javni prostor, vplivalo na dru\u017ebeno politi\u010dni diskurz ter odra\u017ealo te\u017enje in preobrazbe moderne dru\u017ebe.<\/p>\n<p>V knjigi je, na podlagi obse\u017ene zbirke vizualnih komunikacij MAO \u2013 edine tovrstne zbirke v Sloveniji \u2013 ter gradiva iz nacionalnih knji\u017enic, arhivov in zasebnih zbirk, prikazano ve\u010d kot 300 plakatov in drugih grafi\u010dno oblikovalskih del. Izbor del, od zgodnjih litografij na za\u010detku 20. stoletja do (pozno) modernega in postsocialisti\u010dnega oblikovanja, ori\u0161e prispevek slovenskih oblikovalcev k mednarodnemu razvoju na podro\u010dju vizualnih komunikacij, hkrati pa izpostavi prepoznavne lokalne zna\u010dilnosti.<\/p>\n<p>Angle\u0161ka izdaja knjigo prvi\u010d pribli\u017euje mednarodnemu ob\u010dinstvu. \u010ceprav raziskava avtorice izhaja iz Slovenije in ponuja edinstven vpogled v razvoj grafi\u010dnega oblikovanja v dr\u017eavi, njeno sporo\u010dilo presega nacionalne meje. Knjiga ponuja \u0161ir\u0161i, temeljni razmislek o plakatu kot obliki ustvarjalnega izra\u017eanja v 20. stoletju. Hkrati nas spominja, da plakat ni zgolj vizualni odsev \u010dasa, v katerem je nastal, temve\u010d tudi medij, ki lahko aktivno soustvarja dru\u017ebeni in politi\u010dni kontekst.<\/p>\n<p>Znanstvena, a vizualno privla\u010dna knjiga <strong><em>Stoletje plakata<\/em><\/strong> je nepogre\u0161ljiv vir za zgodovinarje, oblikovalce in vse, ki jih zanima grafi\u010dno oblikovanje, vizualna kultura ali moderna zgodovina.<\/p>\n<p>Prevod knjige je omogo\u010dila Javna agencija za znanstvenoraziskovalno in inovacijsko dejavnost Republike Slovenije (ARIS).<\/p>\n","protected":false},"featured_media":4493,"template":"","meta":[],"product_cat":[27],"product_tag":[],"_links":{"self":[{"href":"https:\/\/mao.si\/shop\/wp-json\/wp\/v2\/product\/4522"}],"collection":[{"href":"https:\/\/mao.si\/shop\/wp-json\/wp\/v2\/product"}],"about":[{"href":"https:\/\/mao.si\/shop\/wp-json\/wp\/v2\/types\/product"}],"wp:featuredmedia":[{"embeddable":true,"href":"https:\/\/mao.si\/shop\/wp-json\/wp\/v2\/media\/4493"}],"wp:attachment":[{"href":"https:\/\/mao.si\/shop\/wp-json\/wp\/v2\/media?parent=4522"}],"wp:term":[{"taxonomy":"product_cat","embeddable":true,"href":"https:\/\/mao.si\/shop\/wp-json\/wp\/v2\/product_cat?post=4522"},{"taxonomy":"product_tag","embeddable":true,"href":"https:\/\/mao.si\/shop\/wp-json\/wp\/v2\/product_tag?post=4522"}],"curies":[{"name":"wp","href":"https:\/\/api.w.org\/{rel}","templated":true}]}}