{"id":452,"date":"2021-03-08T08:10:23","date_gmt":"2021-03-08T07:10:23","guid":{"rendered":"https:\/\/mao.si\/shop\/?post_type=product&#038;p=452"},"modified":"2026-01-11T13:38:41","modified_gmt":"2026-01-11T12:38:41","slug":"home-by-dekleva-gregoric-architects","status":"publish","type":"product","link":"https:\/\/mao.si\/shop\/izdelek\/home-by-dekleva-gregoric-architects\/","title":{"rendered":"Home by Dekleva Gregori\u010d Architects"},"content":{"rendered":"<p>Urednika: Aljo\u0161a Dekleva in Tina Gregori\u010d<br \/>\nIzdajatelj: Muzej za arhitekturo in oblikovanje (MAO)<br \/>\nLjubljana 2016, 305 str., angl., ill<br \/>\nISBN 978-961-6669-39-9<\/p>\n","protected":false},"excerpt":{"rendered":"<p>Knjiga Home by Dekleva Gregori\u010d architects celovito in primerjalno ilustrira serijo razli\u010dnih projektov individualnih domovanj, ki so nastali v biroju Dekleva Gregori\u010d arhitekti v zadnjem desetletju. Izbrani projekti, predstavljeni v ob\u0161irni in primerjalni obliki, so zasnovani v razli\u010dnih klimatskih obmo\u010djih in situacijah, vsak od njih pa pomeni poglobljeno raziskavo omejitev in pogojev lokalnega konteksta. Z obravnavo razli\u010dnih idej doma oblikujejo optimalna generativna orodja z namenom izzivanja obi\u010dajnega. Tako individualne hi\u0161e kot eksperimentalni objekti so zasnovani kot zavetja, ki delujejo kot vmesnik med naravo in \u010dlovekom in s kultiviranjem malega merila potencialno prispevajo k trajnosti.<\/p>\n<p>Home by Dekleva Gregori\u010d architects vklju\u010duje uvodno besedo komisarja Matev\u017ea \u010celika in uvodni esej francoskega avtorja Dominique Boudeta z naslovom Materiality, Identity, Continuity.<\/p>\n","protected":false},"featured_media":415,"template":"","meta":[],"product_cat":[27],"product_tag":[],"_links":{"self":[{"href":"https:\/\/mao.si\/shop\/wp-json\/wp\/v2\/product\/452"}],"collection":[{"href":"https:\/\/mao.si\/shop\/wp-json\/wp\/v2\/product"}],"about":[{"href":"https:\/\/mao.si\/shop\/wp-json\/wp\/v2\/types\/product"}],"wp:featuredmedia":[{"embeddable":true,"href":"https:\/\/mao.si\/shop\/wp-json\/wp\/v2\/media\/415"}],"wp:attachment":[{"href":"https:\/\/mao.si\/shop\/wp-json\/wp\/v2\/media?parent=452"}],"wp:term":[{"taxonomy":"product_cat","embeddable":true,"href":"https:\/\/mao.si\/shop\/wp-json\/wp\/v2\/product_cat?post=452"},{"taxonomy":"product_tag","embeddable":true,"href":"https:\/\/mao.si\/shop\/wp-json\/wp\/v2\/product_tag?post=452"}],"curies":[{"name":"wp","href":"https:\/\/api.w.org\/{rel}","templated":true}]}}