{"id":451,"date":"2021-03-08T08:07:47","date_gmt":"2021-03-08T07:07:47","guid":{"rendered":"https:\/\/mao.si\/shop\/?post_type=product&#038;p=451"},"modified":"2026-01-11T13:38:26","modified_gmt":"2026-01-11T12:38:26","slug":"faraway-so-close-bio-25","status":"publish","type":"product","link":"https:\/\/mao.si\/shop\/izdelek\/faraway-so-close-bio-25\/","title":{"rendered":"Faraway, So Close &#8211; BIO 25"},"content":{"rendered":"<p>Uredile: Maja Vardjan, Angela Rui in Cvetka Po\u017ear<br \/>\nIzdajatelja: MAO Ljubljana &amp; Motto Berlin<br \/>\nLjubljana 2017, str.342, ang., ill.<br \/>\nISBN 978-2-940524-69-3<\/p>\n","protected":false},"excerpt":{"rendered":"<p>Iz\u0161la je knjiga 25. bienala oblikovanja Dale\u010d, tako blizu, ki so jo uredile Maja Vardjan, Angela Rui in Cvetka Po\u017ear. Knjigo je izdal MAO Ljubljana in Motto Berlin!<\/p>\n<p>Knjiga predstavlja sedem raziskovalnih epizod bienala in njihovo interakcijo z lokalnimi arhivi in \u0161ir\u0161imi paradigmami, in posku\u0161a raziskati na\u010dine, kako spremeniti cilje kulture oblikovanja, kako se odvrniti od nujnega re\u0161evanja problemov ter namesto tega odpreti nova podro\u010dja opazovanja in eksperimentiranja ter kako gledati na ta naseljen in za bivanje primeren svet kot to, kar je in kar postaja in ne, kar mislimo, da bi v idealnem primeru moral biti.<\/p>\n<p>Avtorji besedil so Nabil Ahmed, Andrea Branzi, Tony C\u00f4me, Brendan Cormier, matali crasset, Domitilla Dardi, Odo Fioravanti, Didier Fi\u00faza Faustino, Studio Formafantasma, Thomas Geisler, Rory Hyde, Alexandra Midal, mischer\u2019traxler studio, Dimitrij Mleku\u017e, Point Supreme Architects, Emanuele Quinz, Renata Salecl, Anna-Sophie Springer, Studio Folder, James Westcott, Elia Zenghelis ter mnogi drugi<\/p>\n<p>Knjiga vsebuje obse\u017een dokumentarni fotoesej avtorjev Delfina Sisto Legnanija in Marca Cappellettija.<\/p>\n","protected":false},"featured_media":403,"template":"","meta":[],"product_cat":[27],"product_tag":[],"_links":{"self":[{"href":"https:\/\/mao.si\/shop\/wp-json\/wp\/v2\/product\/451"}],"collection":[{"href":"https:\/\/mao.si\/shop\/wp-json\/wp\/v2\/product"}],"about":[{"href":"https:\/\/mao.si\/shop\/wp-json\/wp\/v2\/types\/product"}],"wp:featuredmedia":[{"embeddable":true,"href":"https:\/\/mao.si\/shop\/wp-json\/wp\/v2\/media\/403"}],"wp:attachment":[{"href":"https:\/\/mao.si\/shop\/wp-json\/wp\/v2\/media?parent=451"}],"wp:term":[{"taxonomy":"product_cat","embeddable":true,"href":"https:\/\/mao.si\/shop\/wp-json\/wp\/v2\/product_cat?post=451"},{"taxonomy":"product_tag","embeddable":true,"href":"https:\/\/mao.si\/shop\/wp-json\/wp\/v2\/product_tag?post=451"}],"curies":[{"name":"wp","href":"https:\/\/api.w.org\/{rel}","templated":true}]}}