{"id":4419,"date":"2025-05-20T13:15:51","date_gmt":"2025-05-20T11:15:51","guid":{"rendered":"https:\/\/mao.si\/shop\/?post_type=product&#038;p=4419"},"modified":"2026-03-27T12:00:15","modified_gmt":"2026-03-27T11:00:15","slug":"mini-mao-igrarije","status":"publish","type":"product","link":"https:\/\/mao.si\/shop\/izdelek\/mini-mao-igrarije\/","title":{"rendered":"Mini MAO igrarije"},"content":{"rendered":"<p><strong>Avtorica in urednica<\/strong>: Natalija Lapajne<br \/>\n<strong>Izdal in zalo\u017eil<\/strong>: Muzej za arhitekturo in oblikovanje (MAO)<br \/>\n<strong>Zanj<\/strong>: Maja Vardjan<br \/>\n<strong>Vsebinski pregled<\/strong>: Martina Male\u0161i\u010d, Marija Re\u017eek Kambi\u010d, Jelka Flis, \u0160pela \u0160ubic<br \/>\n<strong>Jezikovni pregled<\/strong>: Vesna Videnovi\u010d-Lektori\u010dna<br \/>\n<strong>Oblikovanje in ilustracije<\/strong>: Mojca Jan\u017eelj Toma\u017ei\u010d in Matja\u017e Toma\u017ei\u010d, Kontrastika<\/p>\n<p>Didakti\u010dne naloge in nekatere ilustracije so nastale v sodelovanju s \u0161tudenti in \u0161tudentkami Univerze v Ljubljani in Fakultete za dizajn.<\/p>\n<p>&nbsp;<\/p>\n<p>Ljubljana, 2025, 150 str., slovenski jezik<br \/>\nISBN 978-961-6669-99-3<\/p>\n<p>&nbsp;<\/p>\n","protected":false},"excerpt":{"rendered":"<p>Publikacija je namenjena mladostnikom, otrokom v vzgojno-izobra\u017eevalnih ustanovah in dru\u017einam. Slu\u017ei lahko kot priro\u010dnik u\u010diteljem in mentorjem ali pa dru\u017einskemu raziskovanju mesta in ikoni\u010dnih predmetov skupne dedi\u0161\u010dine. MiniMAO igrarije slu\u017eijo prostorskemu opismenjevanju otrok, ki bodo z igro in didakti\u010dnimi nalogami spoznavali: kaj sta dobra arhitektura in oblikovanje, kaj pomeni interdisciplinarnost, raziskovalni pristop ustvarjalca, ki mora izhajati iz pogledov in potreb po kakovostnem bivalnem okolju uporabnika. Posku\u0161a zajeti vsa merila, od urbanizma do detajlov opreme, kot tudi zgodovino arhitekture, oblikovanja in izzive sodobnih praks. S posameznimi temami spodbuja k spoznavanju razli\u010dnih raziskovalnih procesov z lastnim likovnim delovanjem. Glavno vodilo vodnika so: popularizacija kulturne dedi\u0161\u010dine (muzejske zbirke), pomen individualnega in kolektivnega spomina pri in interidisciplinarni pristopi pri prou\u010devanju razli\u010dnih vidikov arhitekture in oblikovanja.<\/p>\n","protected":false},"featured_media":4432,"template":"","meta":[],"product_cat":[27],"product_tag":[],"_links":{"self":[{"href":"https:\/\/mao.si\/shop\/wp-json\/wp\/v2\/product\/4419"}],"collection":[{"href":"https:\/\/mao.si\/shop\/wp-json\/wp\/v2\/product"}],"about":[{"href":"https:\/\/mao.si\/shop\/wp-json\/wp\/v2\/types\/product"}],"wp:featuredmedia":[{"embeddable":true,"href":"https:\/\/mao.si\/shop\/wp-json\/wp\/v2\/media\/4432"}],"wp:attachment":[{"href":"https:\/\/mao.si\/shop\/wp-json\/wp\/v2\/media?parent=4419"}],"wp:term":[{"taxonomy":"product_cat","embeddable":true,"href":"https:\/\/mao.si\/shop\/wp-json\/wp\/v2\/product_cat?post=4419"},{"taxonomy":"product_tag","embeddable":true,"href":"https:\/\/mao.si\/shop\/wp-json\/wp\/v2\/product_tag?post=4419"}],"curies":[{"name":"wp","href":"https:\/\/api.w.org\/{rel}","templated":true}]}}