{"id":4038,"date":"2024-01-24T13:39:33","date_gmt":"2024-01-24T12:39:33","guid":{"rendered":"https:\/\/mao.si\/shop\/?post_type=product&#038;p=4038"},"modified":"2024-04-04T11:32:07","modified_gmt":"2024-04-04T09:32:07","slug":"janez-korosin-ljudje-in-krajine-crno-bele-fotografije-1960-2020","status":"publish","type":"product","link":"https:\/\/mao.si\/shop\/izdelek\/janez-korosin-ljudje-in-krajine-crno-bele-fotografije-1960-2020\/","title":{"rendered":"Janez Koro\u0161in: Ljudje in krajine: \u010crno-bele fotografije 1960-2020"},"content":{"rendered":"<p>Avtor: Primo\u017e Lampi\u010d<\/p>\n<p>Izdala in zalo\u017eila: Muzej za arhitekturo in oblikovanje (MAO) in Galerija Photon<\/p>\n<p>Ljubljana 2024, slo., ill.<\/p>\n<p>318 strani<\/p>\n<p>ISBN: 978-961-6669-96-2<\/p>\n<p>COBISS.SI-DI: 171566083<\/p>\n","protected":false},"excerpt":{"rendered":"<p>Janez Koro\u0161in (1935, Ljubljana) se je s fotografijo za\u010del ukvarjati pri sedemnajstih letih v Fotoklubu Ravne na Koro\u0161kem pod mentorstvom Francija Kamnika. Delal je kot kemijski tehnik v \u017delezarni Ravne, po odslu\u017eenem voja\u0161kem roku pa se je zaposlil na In\u0161titutu Jo\u017eeta Stefana v Ljubljani, kjer je spoznal uveljavljenega fotografa Marjana Smerketa, ki ga je vpeljal v razstavno fotografsko dejavnost. S fotografskim delovanjem se je za\u010del resneje ukvarjati sredi \u0161estdesetih let prej\u0161njega stoletja. Leta 1966 je postal \u010dlan Fotokluba Ljubljana in Fotogrupe \u0160olt, ki sta se leta 1968 zdru\u017eila v Fotogrupo Ljubljana \u0160olt, kjer so delovali nekateri izmed najvidnej\u0161ih doma\u010dih fotografov tega \u010dasa. Kasneje je postal tudi \u010dlan Dru\u0161tva fotografov Slovenije. Za svoje fotografsko delo je prejel tudi \u0161tevilna mednarodna priznanja in nagrade. Fotozveza Jugoslavije mu je leta 1977 podelila naslov mojster fotografije, leta 1996 pa ga je Fotografska zveza Slovenije po\u010dastila s priznanjem Janeza Puharja za \u017eivljenjsko delo v fotografiji. Leta 2000 \u00a0je od mednarodnega fotografskega zdru\u017eenja FIAP dobil naziv \u00bbekscelenca FIAP\u00ab.<\/p>\n<p><em>\u00bbZaradi primarne sposobnosti fotografije, da kot oko zapisuje vidno realnost, je v mediju realizem vedno aktualen. Pomeni tudi temelj Koro\u0161inovega ustvarjanja. Radikalnih posegov pri njem skoraj ne najdemo, tu in tam pa vendarle naletimo na potezo, ki presega izhodi\u0161\u010dno narativnost posnetka, tako v portretu in \u017eanru kot tudi pri krajinah in na posnetkih detajlov.\u00ab <\/em><strong>Primo\u017e Lampi\u010d<\/strong><\/p>\n","protected":false},"featured_media":4039,"template":"","meta":[],"product_cat":[27],"product_tag":[],"_links":{"self":[{"href":"https:\/\/mao.si\/shop\/wp-json\/wp\/v2\/product\/4038"}],"collection":[{"href":"https:\/\/mao.si\/shop\/wp-json\/wp\/v2\/product"}],"about":[{"href":"https:\/\/mao.si\/shop\/wp-json\/wp\/v2\/types\/product"}],"wp:featuredmedia":[{"embeddable":true,"href":"https:\/\/mao.si\/shop\/wp-json\/wp\/v2\/media\/4039"}],"wp:attachment":[{"href":"https:\/\/mao.si\/shop\/wp-json\/wp\/v2\/media?parent=4038"}],"wp:term":[{"taxonomy":"product_cat","embeddable":true,"href":"https:\/\/mao.si\/shop\/wp-json\/wp\/v2\/product_cat?post=4038"},{"taxonomy":"product_tag","embeddable":true,"href":"https:\/\/mao.si\/shop\/wp-json\/wp\/v2\/product_tag?post=4038"}],"curies":[{"name":"wp","href":"https:\/\/api.w.org\/{rel}","templated":true}]}}