{"id":3752,"date":"2023-10-18T11:44:41","date_gmt":"2023-10-18T09:44:41","guid":{"rendered":"https:\/\/mao.si\/shop\/?post_type=product&#038;p=3752"},"modified":"2026-02-13T16:28:13","modified_gmt":"2026-02-13T15:28:13","slug":"universum-plecnik-od-delavnice-do-mita","status":"publish","type":"product","link":"https:\/\/mao.si\/shop\/izdelek\/universum-plecnik-od-delavnice-do-mita\/","title":{"rendered":"Universum Ple\u010dnik: Od delavnice do mita"},"content":{"rendered":"<p><strong>Uredni\u0161ki odbor<\/strong><strong>:<\/strong> Toma\u017e \u0160toka (glavni urednik), Milo\u0161 Kosec, Natalija Lapajne, Bogo Zupan\u010di\u010d<br \/>\n<strong>Avtorji prispevkov<\/strong><strong>:<\/strong> Toma\u017e \u0160toka, Milo\u0161 Kosec, Bogo Zupan\u010di\u010d, Ana Kre\u010d, Jure Hrovat, Anja Delbello, Alja\u017e Vesel<br \/>\n<strong>Grafi\u010dno oblikovanje<\/strong><strong>:<\/strong> AA \u2013 Anja Delbello, Alja\u017e Vesel<br \/>\n<strong>Oblikovanje razstave: <\/strong>SVET VMES \u2013 Ana Kre\u010d, Jure Hrovat, Marko Kav\u010di\u010d, Amadej Mravlak<strong><br \/>\nFotografije<\/strong><strong>: <\/strong>Adam \u0160t\u011bch<br \/>\n<strong>Fotografije postavitve razstave in kataloga<\/strong><strong>: <\/strong>Klemen Ilovar<br \/>\n<strong>Zalo\u017eil<\/strong><strong>:<\/strong>\u00a0Muzej za arhitekturo in oblikovanje (MAO), Ljubljana 2023, 292 str., slo. in ang.<br \/>\nISBN: 978-961-669-95-5<\/p>\n","protected":false},"excerpt":{"rendered":"<p>Knjiga nadaljuje obravnavo izbranih arhitektovih pristopov k oblikovanju javnega prostora ter s tematiziranjem kompleksnega odnosa med u\u010diteljem in \u0161tudenti reflektira Ple\u010dnikovo bogato zapu\u0161\u010dino, tudi z doslej manj izpostavljenimi temami. Arhitektova dedi\u0161\u010dina skupnostnih prostorov se skozi arhivske na\u010drte, skice in fotografije razkriva kot kompleksna in celostna vizija povezanega sveta.<\/p>\n<p>Katalog <em>Universum Ple\u010dnik<\/em>, ki ga je uredil Toma\u017e \u0160toka s souredniki Milo\u0161em Koscem, Natalijo Lapajne in Bogom Zupan\u010di\u010dem, \u0161iri artikulacijo Ple\u010dnikove dedi\u0161\u010dine, ka\u017ee na aktualnost in relevantnost njegovih ureditev ter odpira prostor za raziskovanje novih virov. Knjiga vklju\u010duje eseje, ki so jih poleg \u010dlanov uredni\u0161kega odbora pripravili \u0161e oblikovalci razstave Ana Kre\u010d, Jure Hrovat, Anja Delbello in Alja\u017e Vesel, slednja tudi kot oblikovalca kataloga, ter spremno besedo \u0160pele Span\u017eel. V njih avtorji podrobneje obravnavajo teme javnega prostora, celovitost kolektivnega procesa nastajanja Ple\u010dnikovih ureditev po prvi svetovni vojni, Ple\u010dnikovo \u0161olo ter prenos arhitektovih urbanih pristopov v medij razstave.<\/p>\n<p>V poglavju Skupna streha je predstavljeno gradivo Ple\u010dnika in njegovih u\u010dencev, hranjeno v zbirki MAO. Ve\u010dinoma \u0161e nikoli prej videni na\u010drti razkrivajo bogat svet zvestobe, upora, sledenja in raziskovanja generacij \u0161tudentov, ki so se v arhitekte oblikovali ob svojem u\u010ditelju. Izbor pa razkriva tudi vitalno ustvarjanje Ple\u010dnikove \u0161ole v u\u010diteljevem poznem obdobju \u2013 med drugo svetovno vojno in po njej \u2013 ki je dolgo neupravi\u010deno veljalo za po\u010dasno izpevanje arhitektove ustvarjalne mo\u010di.<\/p>\n","protected":false},"featured_media":3755,"template":"","meta":[],"product_cat":[27],"product_tag":[],"_links":{"self":[{"href":"https:\/\/mao.si\/shop\/wp-json\/wp\/v2\/product\/3752"}],"collection":[{"href":"https:\/\/mao.si\/shop\/wp-json\/wp\/v2\/product"}],"about":[{"href":"https:\/\/mao.si\/shop\/wp-json\/wp\/v2\/types\/product"}],"wp:featuredmedia":[{"embeddable":true,"href":"https:\/\/mao.si\/shop\/wp-json\/wp\/v2\/media\/3755"}],"wp:attachment":[{"href":"https:\/\/mao.si\/shop\/wp-json\/wp\/v2\/media?parent=3752"}],"wp:term":[{"taxonomy":"product_cat","embeddable":true,"href":"https:\/\/mao.si\/shop\/wp-json\/wp\/v2\/product_cat?post=3752"},{"taxonomy":"product_tag","embeddable":true,"href":"https:\/\/mao.si\/shop\/wp-json\/wp\/v2\/product_tag?post=3752"}],"curies":[{"name":"wp","href":"https:\/\/api.w.org\/{rel}","templated":true}]}}