{"id":3731,"date":"2023-06-21T12:18:02","date_gmt":"2023-06-21T10:18:02","guid":{"rendered":"https:\/\/mao.si\/shop\/?post_type=product&#038;p=3731"},"modified":"2024-04-04T11:14:53","modified_gmt":"2024-04-04T09:14:53","slug":"zakaj-je-vaza-podobna-hisi-od-sistemskega-do-fantazijskega-z-oblikovalko-janjo-lap","status":"publish","type":"product","link":"https:\/\/mao.si\/shop\/izdelek\/zakaj-je-vaza-podobna-hisi-od-sistemskega-do-fantazijskega-z-oblikovalko-janjo-lap\/","title":{"rendered":"Zakaj je vaza podobna hi\u0161i? : od sistemskega do fantazijskega z oblikovalko Janjo Lap"},"content":{"rendered":"<p>Avtorici: \u0160pela \u0160ubic, Barbara Predan<\/p>\n<p>Izdal in zalo\u017eil: Muzej za arhitekturo in oblikovanje (MAO)<\/p>\n<p>Sozalo\u017enika in izdajatelja: Akademija za likovno umetnost in oblikovanje in Dru\u0161tvo Pekinpah<\/p>\n<p>Ljubljana 2023, slo., ill.<\/p>\n<p>208 strani<\/p>\n<p>ISBN: 978-961-6669-94-8<\/p>\n<p>COBISS.SI-DI: 151590659<\/p>\n<p>Dostop do E-monografije: <a href=\"https:\/\/mao.si\/janjalap\">https:\/\/mao.si\/janjalap\u00a0<\/a><\/p>\n<p>&nbsp;<\/p>\n","protected":false},"excerpt":{"rendered":"<p>Znanstvena monografija je prva, ki sistemati\u010dno in iz\u010drpno obravnava delo in \u017eivljenje oblikovalke in arhitektke Janje Lap, ki je v drugi polovici 20.\u00a0stoletja delovala na podro\u010dju oblikovanja. Znanstvena obravnava vklju\u010duje analizo znanstvene literature o vsebini, vse pa avtorici sintetizirata v izvirna spoznanja. Pri\u010dujo\u010da monografija bo bralcem v ve\u010dini primerov prvi\u010d osvetlila vse spregledane vidike dela in \u017eivljenja Janje Lap, hkrati pa opozorila na do sedaj nepoznane temelje slovenskega raziskovanja na podro\u010dju oblikovanja. Vsekakor delo, ki smo ga dolgo pri\u010dakovali.<\/p>\n<p><em>Prof. dr. Irena Lazar, znanstvena in muzejska svetnica<\/em><\/p>\n<p>Znanstvena monografija o slovenski arhitektki in oblikovalki Janji Lap je prelomnega pomena za slovensko umetnostno in arhitekturno zgodovino: gre namre\u010d za prvo monografsko poglobljeno znanstveno \u0161tudijo o kaki slovenski ustvarjalki na podro\u010dju arhitekture in oblikovanja. Da sta avtorici izbrali prav to ustvarjalko, ni naklju\u010dje, saj sodi ne le med prve povojne pionirke slovenske arhitekture, ki so s svojimi raziskavami in projekti klju\u010dno prispevale k oblikovanju in na\u010drtovanju novih celostnih stanovanjskih sosesk, temve\u010d zaradi vpeljave povsem nove znanstvene metodologije &#8211; raziskovanja in razvijanja novih sistemskih pristopov k prepoznanim problemom &#8211; sodi tudi med klju\u010dne pionirje oblikovanja na Slovenskem. S svojimi raziskavami v \u0161estdesetih letih 20. stoletja je Janja Lap za vsaj trideset let prehitela slovenske oblikovalce na podro\u010dju storitvenega ter okolju prijaznega in trajnostno naravnanega kro\u017enega oblikovanja, ki danes v svetu sodi med glavne vidike sodobnega \u017eivljenja v dru\u017ebi.<\/p>\n<p><em>Dr. Helena Sera\u017ein, znanstvena svetnica<\/em><\/p>\n","protected":false},"featured_media":3733,"template":"","meta":[],"product_cat":[27],"product_tag":[],"_links":{"self":[{"href":"https:\/\/mao.si\/shop\/wp-json\/wp\/v2\/product\/3731"}],"collection":[{"href":"https:\/\/mao.si\/shop\/wp-json\/wp\/v2\/product"}],"about":[{"href":"https:\/\/mao.si\/shop\/wp-json\/wp\/v2\/types\/product"}],"wp:featuredmedia":[{"embeddable":true,"href":"https:\/\/mao.si\/shop\/wp-json\/wp\/v2\/media\/3733"}],"wp:attachment":[{"href":"https:\/\/mao.si\/shop\/wp-json\/wp\/v2\/media?parent=3731"}],"wp:term":[{"taxonomy":"product_cat","embeddable":true,"href":"https:\/\/mao.si\/shop\/wp-json\/wp\/v2\/product_cat?post=3731"},{"taxonomy":"product_tag","embeddable":true,"href":"https:\/\/mao.si\/shop\/wp-json\/wp\/v2\/product_tag?post=3731"}],"curies":[{"name":"wp","href":"https:\/\/api.w.org\/{rel}","templated":true}]}}