{"id":275,"date":"2020-11-20T09:49:22","date_gmt":"2020-11-20T09:49:22","guid":{"rendered":"http:\/\/bma-event.net\/mao\/webshop\/product\/iskra-neuvrsceno-oblikovanje\/"},"modified":"2025-08-14T18:05:11","modified_gmt":"2025-08-14T16:05:11","slug":"iskra-neuvrsceno-oblikovanje","status":"publish","type":"product","link":"https:\/\/mao.si\/shop\/izdelek\/iskra-neuvrsceno-oblikovanje\/","title":{"rendered":"Iskra: neuvr\u0161\u010deno oblikovanje 1946-1990"},"content":{"rendered":"<p>Uredili: Barbara Predan in Cvetka Po\u017ear<br \/>\nSoizdaljatelj: Pekinpah<br \/>\nLjubljana 2009, 138 p., slo., ill.<br \/>\nISBN 978-961-6669-10-8<\/p>\n","protected":false},"excerpt":{"rendered":"<p>Knjiga se osredoto\u010da na izdelke industrijskega in grafi\u010dnega oblikovanja, ki so nastali kot rezultat znanja Iskrinega oddelka za oblikovanje (1962), z vzporednim poudarkom na tehnolo\u0161kem napredku. Zbrana dokumentacija prikazuje vpliv takratne Iskre na dojemanje oblikovanja v razvijajo\u010di se dru\u017ebi, ki ni bil omejen zgolj na meje takratne Jugoslavije.<\/p>\n","protected":false},"featured_media":253,"template":"","meta":[],"product_cat":[27],"product_tag":[],"_links":{"self":[{"href":"https:\/\/mao.si\/shop\/wp-json\/wp\/v2\/product\/275"}],"collection":[{"href":"https:\/\/mao.si\/shop\/wp-json\/wp\/v2\/product"}],"about":[{"href":"https:\/\/mao.si\/shop\/wp-json\/wp\/v2\/types\/product"}],"wp:featuredmedia":[{"embeddable":true,"href":"https:\/\/mao.si\/shop\/wp-json\/wp\/v2\/media\/253"}],"wp:attachment":[{"href":"https:\/\/mao.si\/shop\/wp-json\/wp\/v2\/media?parent=275"}],"wp:term":[{"taxonomy":"product_cat","embeddable":true,"href":"https:\/\/mao.si\/shop\/wp-json\/wp\/v2\/product_cat?post=275"},{"taxonomy":"product_tag","embeddable":true,"href":"https:\/\/mao.si\/shop\/wp-json\/wp\/v2\/product_tag?post=275"}],"curies":[{"name":"wp","href":"https:\/\/api.w.org\/{rel}","templated":true}]}}