{"id":266,"date":"2020-11-11T15:23:25","date_gmt":"2020-11-11T14:23:25","guid":{"rendered":"http:\/\/bma-event.net\/mao\/webshop\/product\/ziveti-z-vodo\/"},"modified":"2025-12-28T11:04:30","modified_gmt":"2025-12-28T10:04:30","slug":"living-with-water","status":"publish","type":"product","link":"https:\/\/mao.si\/shop\/izdelek\/living-with-water\/","title":{"rendered":"Living with water"},"content":{"rendered":"<p>Uredniki: Nina Granda, Matev\u017e Granda, Ajda Bra\u010di\u010d<br \/>\nZalo\u017enik: Muzej za arhitekturo in oblikovanje (MAO)<br \/>\nProdukcija: Z.O.P. &#8211; Zavod za oblikovanje prostora<br \/>\nLjubljana, 2018, 304 str., ang., ill.<br \/>\nISBN: 978-961-6669-49-8<\/p>\n","protected":false},"excerpt":{"rendered":"<p>Publikacija, del slovenskega paviljona na 16. mednarodni arhitekturni razstavi v Benetkah, teme krajine, vode in arhitekture raziskuje skoz \u0161irok nabor besedil ter posku\u0161a predstaviti razli\u010dne pristope k njihovemu razumevanju. Poleg \u010dlanov ekipe, ki je oblikovala paviljon, so svoja besedila prispevali \u0161e izbrani slovenski strokovnjaki, ki se v vsakodnevnem \u017eivljenju sre\u010dujejo z vodo. Dinami\u010den nabor besedil s svojo \u017eivostjo \u017eeli postati nagovor k delovanju in sodelovanju. Vodilna misel paviljona, ki skozi reinterpretacijo Ple\u010dnikove Katedrale svobode poziva k premi\u0161ljenemu soodlo\u010danju o skupni usodi, se tako v publikaciji nadaljuje in poglablja \u2013 raznolikost zajetih stali\u0161\u010d in izku\u0161enj bogati enovito sporo\u010dilo knjige.<\/p>\n<p>V prvi polovici publikacija razvije rde\u010do nit skozi kombinacijo teoretsko in prakti\u010dno usmerjenih esejev, intervjujev ter infografik. Drugi del vsebine zajema pregled najvidnej\u0161ih uresni\u010denih in neuresni\u010denih slovenskih arhitekturnih projektov iz preteklih let, ki se neposredno ukvarjajo z odnosom med vodo in arhitekturo. Posebno pozornost knjiga posve\u010da Ljubljanici, s katero se bo ukvarjala tudi razstava, ki bo na ogled v Ljubljani. V zadnjem delu pa se izbor projektov iz platforme Future Architecture ozira v prihodnost sobivanja grajenega in naravnega sveta. Avtorji besedil, zajetih v publikaciji, so Lu\u010dka Kajfe\u017e Bogataj, Valentina Smej Novak, Marin Medak in drugi.<\/p>\n","protected":false},"featured_media":262,"template":"","meta":[],"product_cat":[27],"product_tag":[],"_links":{"self":[{"href":"https:\/\/mao.si\/shop\/wp-json\/wp\/v2\/product\/266"}],"collection":[{"href":"https:\/\/mao.si\/shop\/wp-json\/wp\/v2\/product"}],"about":[{"href":"https:\/\/mao.si\/shop\/wp-json\/wp\/v2\/types\/product"}],"wp:featuredmedia":[{"embeddable":true,"href":"https:\/\/mao.si\/shop\/wp-json\/wp\/v2\/media\/262"}],"wp:attachment":[{"href":"https:\/\/mao.si\/shop\/wp-json\/wp\/v2\/media?parent=266"}],"wp:term":[{"taxonomy":"product_cat","embeddable":true,"href":"https:\/\/mao.si\/shop\/wp-json\/wp\/v2\/product_cat?post=266"},{"taxonomy":"product_tag","embeddable":true,"href":"https:\/\/mao.si\/shop\/wp-json\/wp\/v2\/product_tag?post=266"}],"curies":[{"name":"wp","href":"https:\/\/api.w.org\/{rel}","templated":true}]}}