{"id":244,"date":"2020-11-17T20:39:06","date_gmt":"2020-11-17T19:39:06","guid":{"rendered":"http:\/\/bma-event.net\/mao\/webshop\/product\/trajnostne-alternative-v-oblikovanju\/"},"modified":"2024-07-31T12:43:28","modified_gmt":"2024-07-31T10:43:28","slug":"trajnostne-alternative-v-oblikovanju","status":"publish","type":"product","link":"https:\/\/mao.si\/shop\/izdelek\/trajnostne-alternative-v-oblikovanju\/","title":{"rendered":"Trajnostne alternative v oblikovanju: skrajni \u010das, da za\u010dnemo izgubljati \u010das"},"content":{"rendered":"<p>Uredili: Barbara Predan in Cvetka Po\u017ear<br \/>\nSoizdajatelj: Pekinpah<br \/>\nLjubljana 2009, 143 str., slo., ill.<br \/>\nISBN 978-961-6669-07-8<\/p>\n","protected":false},"excerpt":{"rendered":"<p>Glavna tema knjige je snovanje predpostavk o nekih novih stanjih, idejah v oblikovanju in dru\u017ebi, o neki novi politiki kolektivne emancipacije, ki bi jo lahko poimenovali tudi trajnostna etika oblikovanja.\u00a0Avtorji prispevkov so Dieter Rams, Ezio Manzini, Jonathan Chapman, Clive Dilnot, Per Mollerup, Victor Margolin in\u00a0Barbara Predan.<\/p>\n","protected":false},"featured_media":245,"template":"","meta":[],"product_cat":[27],"product_tag":[],"_links":{"self":[{"href":"https:\/\/mao.si\/shop\/wp-json\/wp\/v2\/product\/244"}],"collection":[{"href":"https:\/\/mao.si\/shop\/wp-json\/wp\/v2\/product"}],"about":[{"href":"https:\/\/mao.si\/shop\/wp-json\/wp\/v2\/types\/product"}],"wp:featuredmedia":[{"embeddable":true,"href":"https:\/\/mao.si\/shop\/wp-json\/wp\/v2\/media\/245"}],"wp:attachment":[{"href":"https:\/\/mao.si\/shop\/wp-json\/wp\/v2\/media?parent=244"}],"wp:term":[{"taxonomy":"product_cat","embeddable":true,"href":"https:\/\/mao.si\/shop\/wp-json\/wp\/v2\/product_cat?post=244"},{"taxonomy":"product_tag","embeddable":true,"href":"https:\/\/mao.si\/shop\/wp-json\/wp\/v2\/product_tag?post=244"}],"curies":[{"name":"wp","href":"https:\/\/api.w.org\/{rel}","templated":true}]}}