{"id":229,"date":"2020-11-17T20:29:15","date_gmt":"2020-11-17T19:29:15","guid":{"rendered":"http:\/\/bma-event.net\/mao\/webshop\/product\/bio-13\/"},"modified":"2024-04-04T11:15:15","modified_gmt":"2024-04-04T09:15:15","slug":"bio-13","status":"publish","type":"product","link":"https:\/\/mao.si\/shop\/izdelek\/bio-13\/","title":{"rendered":"BIO 13"},"content":{"rendered":"<p>Avtorji: Peter Kre\u010di\u010d<\/p>\n<p>Jezik: Slovenski, angle\u0161ki<\/p>\n<p>Leto izdaje: 1992<\/p>\n<p>\u0160tevilo strani: 179<\/p>\n<p>Izdal: MAO Ljubljana<\/p>\n","protected":false},"excerpt":{"rendered":"<p>Avtorji: Peter Kre\u010di\u010d Jezik: Slovenski, angle\u0161ki Leto izdaje: 1992 \u0160tevilo strani: 179 Izdal: MAO Ljubljana<\/p>\n","protected":false},"featured_media":230,"template":"","meta":[],"product_cat":[27],"product_tag":[],"_links":{"self":[{"href":"https:\/\/mao.si\/shop\/wp-json\/wp\/v2\/product\/229"}],"collection":[{"href":"https:\/\/mao.si\/shop\/wp-json\/wp\/v2\/product"}],"about":[{"href":"https:\/\/mao.si\/shop\/wp-json\/wp\/v2\/types\/product"}],"wp:featuredmedia":[{"embeddable":true,"href":"https:\/\/mao.si\/shop\/wp-json\/wp\/v2\/media\/230"}],"wp:attachment":[{"href":"https:\/\/mao.si\/shop\/wp-json\/wp\/v2\/media?parent=229"}],"wp:term":[{"taxonomy":"product_cat","embeddable":true,"href":"https:\/\/mao.si\/shop\/wp-json\/wp\/v2\/product_cat?post=229"},{"taxonomy":"product_tag","embeddable":true,"href":"https:\/\/mao.si\/shop\/wp-json\/wp\/v2\/product_tag?post=229"}],"curies":[{"name":"wp","href":"https:\/\/api.w.org\/{rel}","templated":true}]}}