{"id":225,"date":"2020-11-17T20:26:32","date_gmt":"2020-11-17T19:26:32","guid":{"rendered":"http:\/\/bma-event.net\/mao\/webshop\/product\/oskar-karel-dolenc-crno-beli-opus-1960-2010\/"},"modified":"2024-04-04T11:15:09","modified_gmt":"2024-04-04T09:15:09","slug":"oskar-karel-dolenc-crno-beli-opus-1960-2010","status":"publish","type":"product","link":"https:\/\/mao.si\/shop\/izdelek\/oskar-karel-dolenc-crno-beli-opus-1960-2010\/","title":{"rendered":"Oskar Karel Dolenc: \u010crno beli opus 1960-2010"},"content":{"rendered":"<p>Uredil:\u00a0dr. Primo\u017e Lampi\u010d<br \/>\nLjubljana 2011, 200 str., slo., ang., ill.,<br \/>\nISBN 978-961-6669-10-0<\/p>\n","protected":false},"excerpt":{"rendered":"<p>Monografija slovenskega fotografa Oskarja Karla Dolenca, soustanovitelja in dolgoletnega \u010dlana Fotogrupe \u0160OLT, skupine \u0161tudentov, ljubiteljev fotografije, iz katere je zrasla prva povojna generacija profesionalnih fotografov.<\/p>\n","protected":false},"featured_media":226,"template":"","meta":[],"product_cat":[27],"product_tag":[],"_links":{"self":[{"href":"https:\/\/mao.si\/shop\/wp-json\/wp\/v2\/product\/225"}],"collection":[{"href":"https:\/\/mao.si\/shop\/wp-json\/wp\/v2\/product"}],"about":[{"href":"https:\/\/mao.si\/shop\/wp-json\/wp\/v2\/types\/product"}],"wp:featuredmedia":[{"embeddable":true,"href":"https:\/\/mao.si\/shop\/wp-json\/wp\/v2\/media\/226"}],"wp:attachment":[{"href":"https:\/\/mao.si\/shop\/wp-json\/wp\/v2\/media?parent=225"}],"wp:term":[{"taxonomy":"product_cat","embeddable":true,"href":"https:\/\/mao.si\/shop\/wp-json\/wp\/v2\/product_cat?post=225"},{"taxonomy":"product_tag","embeddable":true,"href":"https:\/\/mao.si\/shop\/wp-json\/wp\/v2\/product_tag?post=225"}],"curies":[{"name":"wp","href":"https:\/\/api.w.org\/{rel}","templated":true}]}}