{"id":221,"date":"2020-11-17T20:24:08","date_gmt":"2020-11-17T19:24:08","guid":{"rendered":"http:\/\/bma-event.net\/mao\/webshop\/product\/podobe-zaledja-slovenskih-obalnih-mest-skozi-objektive-primorskih-fotografov\/"},"modified":"2024-04-04T11:15:12","modified_gmt":"2024-04-04T09:15:12","slug":"podobe-zaledja-slovenskih-obalnih-mest-skozi-objektive-primorskih-fotografov","status":"publish","type":"product","link":"https:\/\/mao.si\/shop\/izdelek\/podobe-zaledja-slovenskih-obalnih-mest-skozi-objektive-primorskih-fotografov\/","title":{"rendered":"Podobe zaledja slovenskih obalnih mest skozi objektive primorskih fotografov"},"content":{"rendered":"<p>Oblikovanje Jure \u010ceh &amp; Co.<br \/>\nKoper 2005, 415 str., slo., ang., nem., it., ill.<br \/>\nISBN 961-91514-0-2<\/p>\n","protected":false},"excerpt":{"rendered":"<p>Obse\u017een \u0161tirijezi\u010dni zgodovinsko\u2013topografski tekstovni in fotografski prikaz \u017eivljenja, predvsem pa tradicionalne naselbinske kulture v notranjosti slovenske Istre po zamisli fotografa Jureta \u010ceha in ob sodelovanju ve\u010d primorskih fotografov ter avtorjev besedil.<\/p>\n","protected":false},"featured_media":222,"template":"","meta":[],"product_cat":[27],"product_tag":[],"_links":{"self":[{"href":"https:\/\/mao.si\/shop\/wp-json\/wp\/v2\/product\/221"}],"collection":[{"href":"https:\/\/mao.si\/shop\/wp-json\/wp\/v2\/product"}],"about":[{"href":"https:\/\/mao.si\/shop\/wp-json\/wp\/v2\/types\/product"}],"wp:featuredmedia":[{"embeddable":true,"href":"https:\/\/mao.si\/shop\/wp-json\/wp\/v2\/media\/222"}],"wp:attachment":[{"href":"https:\/\/mao.si\/shop\/wp-json\/wp\/v2\/media?parent=221"}],"wp:term":[{"taxonomy":"product_cat","embeddable":true,"href":"https:\/\/mao.si\/shop\/wp-json\/wp\/v2\/product_cat?post=221"},{"taxonomy":"product_tag","embeddable":true,"href":"https:\/\/mao.si\/shop\/wp-json\/wp\/v2\/product_tag?post=221"}],"curies":[{"name":"wp","href":"https:\/\/api.w.org\/{rel}","templated":true}]}}