{"id":209,"date":"2020-11-17T20:16:41","date_gmt":"2020-11-17T19:16:41","guid":{"rendered":"http:\/\/bma-event.net\/mao\/webshop\/product\/fotoantika-23\/"},"modified":"2025-07-08T16:16:20","modified_gmt":"2025-07-08T14:16:20","slug":"fotoantika-23","status":"publish","type":"product","link":"https:\/\/mao.si\/shop\/izdelek\/fotoantika-23\/","title":{"rendered":"Fotoantika 23"},"content":{"rendered":"<p>Avtorji: Primp\u017e Lampi\u010d, Tatjana Rodo\u0161ek, Barbara \u017dabota, Anja Zorko, Vesna \u010crnivec<\/p>\n<p>Jezik: Slovenski<\/p>\n<p>Leto izdaje: 2006<\/p>\n<p>\u0160tevilo strani: 40<\/p>\n<p>Izdal: Arhitekturni muzej Ljubljana, Dru\u0161tvo fotografov Slovenije<\/p>\n","protected":false},"excerpt":{"rendered":"<p>Avtorji: Primp\u017e Lampi\u010d, Tatjana Rodo\u0161ek, Barbara \u017dabota, Anja Zorko, Vesna \u010crnivec Jezik: Slovenski Leto izdaje: 2006 \u0160tevilo strani: 40 Izdal: Arhitekturni muzej Ljubljana, Dru\u0161tvo fotografov Slovenije<\/p>\n","protected":false},"featured_media":210,"template":"","meta":[],"product_cat":[27],"product_tag":[],"_links":{"self":[{"href":"https:\/\/mao.si\/shop\/wp-json\/wp\/v2\/product\/209"}],"collection":[{"href":"https:\/\/mao.si\/shop\/wp-json\/wp\/v2\/product"}],"about":[{"href":"https:\/\/mao.si\/shop\/wp-json\/wp\/v2\/types\/product"}],"wp:featuredmedia":[{"embeddable":true,"href":"https:\/\/mao.si\/shop\/wp-json\/wp\/v2\/media\/210"}],"wp:attachment":[{"href":"https:\/\/mao.si\/shop\/wp-json\/wp\/v2\/media?parent=209"}],"wp:term":[{"taxonomy":"product_cat","embeddable":true,"href":"https:\/\/mao.si\/shop\/wp-json\/wp\/v2\/product_cat?post=209"},{"taxonomy":"product_tag","embeddable":true,"href":"https:\/\/mao.si\/shop\/wp-json\/wp\/v2\/product_tag?post=209"}],"curies":[{"name":"wp","href":"https:\/\/api.w.org\/{rel}","templated":true}]}}