{"id":191,"date":"2020-11-17T20:04:19","date_gmt":"2020-11-17T19:04:19","guid":{"rendered":"http:\/\/bma-event.net\/mao\/webshop\/product\/plecnik-s-studenti-in-drugi-jugoslovanski-arhitekti-v-le-corbusierovem-ateljeju\/"},"modified":"2025-12-28T11:04:46","modified_gmt":"2025-12-28T10:04:46","slug":"plecnik-s-studenti-in-drugi-jugoslovanski-arhitekti-v-le-corbusierovem-ateljeju","status":"publish","type":"product","link":"https:\/\/mao.si\/shop\/izdelek\/plecnik-s-studenti-in-drugi-jugoslovanski-arhitekti-v-le-corbusierovem-ateljeju\/","title":{"rendered":"Ple\u010dnikovi \u0161tudenti in drugi jugoslovanski arhitekti v Le Corbusierovem ateljeju"},"content":{"rendered":"<p>Avtor:\u00a0dr. Bogo Zupan\u010di\u010d<br \/>\nIzdajatelj:\u00a0Muzej za arhitekturo in oblikovanje (MAO) in KUD Polis, 2017<br \/>\nLjubljana, 2017, str. 232, slo ill.<br \/>\nISBN 978-961-6669-47-4<\/p>\n","protected":false},"excerpt":{"rendered":"<p>Knjiga dodaja \u0161e neraziskan kamen\u010dek k spoznanjem o arhitektu Jo\u017eetu Ple\u010dniku in pe\u010datu, ki ga je pustil na slovenskem arhitekturnem prizori\u0161\u010du. Ob\u010dudovanje njegovega dela se je me\u0161alo z ob\u010dutkom neizpolnjenosti, saj je s svojo v poveli\u010devanje preteklosti zazrto ideologijo tiste, ki so bili najbolj neodvisnega duha, prav spodbujal k uporu. Ta je bil v tridesetih letih 20. stoletja videti tako, da so se mladi izpod okrilja ene velike osebnosti zatekali pod okrilje druge, k Le Corbusieru, arhitektu, ki se ga je oprijel vzdevek \u00bbguru modernizma\u00ab.<\/p>\n<p>Knjiga vsebuje tudi recenzije Marca Bedaridaja, ENSA Paris-La Villette, Pariz, in dr. Vladimir ja Kuli\u0107a, Fakulteta za arhitekturo, Univerza Florida Atlantic.<\/p>\n","protected":false},"featured_media":192,"template":"","meta":[],"product_cat":[27],"product_tag":[],"_links":{"self":[{"href":"https:\/\/mao.si\/shop\/wp-json\/wp\/v2\/product\/191"}],"collection":[{"href":"https:\/\/mao.si\/shop\/wp-json\/wp\/v2\/product"}],"about":[{"href":"https:\/\/mao.si\/shop\/wp-json\/wp\/v2\/types\/product"}],"wp:featuredmedia":[{"embeddable":true,"href":"https:\/\/mao.si\/shop\/wp-json\/wp\/v2\/media\/192"}],"wp:attachment":[{"href":"https:\/\/mao.si\/shop\/wp-json\/wp\/v2\/media?parent=191"}],"wp:term":[{"taxonomy":"product_cat","embeddable":true,"href":"https:\/\/mao.si\/shop\/wp-json\/wp\/v2\/product_cat?post=191"},{"taxonomy":"product_tag","embeddable":true,"href":"https:\/\/mao.si\/shop\/wp-json\/wp\/v2\/product_tag?post=191"}],"curies":[{"name":"wp","href":"https:\/\/api.w.org\/{rel}","templated":true}]}}