{"id":189,"date":"2020-11-17T20:02:06","date_gmt":"2020-11-17T20:02:06","guid":{"rendered":"http:\/\/bma-event.net\/mao\/webshop\/product\/streets-and-neighbourhoods\/"},"modified":"2025-06-04T12:51:53","modified_gmt":"2025-06-04T10:51:53","slug":"streets-and-neighbourhoods","status":"publish","type":"product","link":"https:\/\/mao.si\/shop\/izdelek\/streets-and-neighbourhoods\/","title":{"rendered":"Soseske in ulice &#8211; Vladimir Braco Mu\u0161i\u010d in arhitektura velikega merila"},"content":{"rendered":"<div>Uredil: Luka Skansi<br \/>\nIzdajatelj: Muzej za arhitekturo in oblikovanje (MAO)<\/div>\n<div>Ljubljana 2016, 237 str., slo., ill.<\/div>\n<div>ISBN 978-961-6669-40-5<\/div>\n","protected":false},"excerpt":{"rendered":"<p>Skozi strokovne tekste avtorjev razstave; Luke Skansija, Boga Zupan\u010di\u010da in Martine Male\u0161i\u010d, spoznamo \u017eivljenje in delo arhitekta in urbanista Vladimirja Braca Mu\u0161i\u010da. Pobli\u017ee se seznanimo tudi z razvojem urbanisti\u010dnih zasnov slovenskih stanovanjskih naselij od prvih povojnih zazidav do gradnje zadnjih velikih sosesk. O soseskah Vladimirja Braca Mu\u0161i\u010da so pisali \u0161e Matev\u017e \u010celik, Vi\u0161nja Kuko\u010d in Eva Sapa\u010d. Katalog je opremljen z bogatim vizualnim gradivom.<\/p>\n","protected":false},"featured_media":813,"template":"","meta":[],"product_cat":[27],"product_tag":[],"_links":{"self":[{"href":"https:\/\/mao.si\/shop\/wp-json\/wp\/v2\/product\/189"}],"collection":[{"href":"https:\/\/mao.si\/shop\/wp-json\/wp\/v2\/product"}],"about":[{"href":"https:\/\/mao.si\/shop\/wp-json\/wp\/v2\/types\/product"}],"wp:featuredmedia":[{"embeddable":true,"href":"https:\/\/mao.si\/shop\/wp-json\/wp\/v2\/media\/813"}],"wp:attachment":[{"href":"https:\/\/mao.si\/shop\/wp-json\/wp\/v2\/media?parent=189"}],"wp:term":[{"taxonomy":"product_cat","embeddable":true,"href":"https:\/\/mao.si\/shop\/wp-json\/wp\/v2\/product_cat?post=189"},{"taxonomy":"product_tag","embeddable":true,"href":"https:\/\/mao.si\/shop\/wp-json\/wp\/v2\/product_tag?post=189"}],"curies":[{"name":"wp","href":"https:\/\/api.w.org\/{rel}","templated":true}]}}