{"id":185,"date":"2020-11-17T19:59:16","date_gmt":"2020-11-17T18:59:16","guid":{"rendered":"http:\/\/bma-event.net\/mao\/webshop\/product\/abiro-architecture\/"},"modified":"2025-12-12T16:25:43","modified_gmt":"2025-12-12T15:25:43","slug":"abiro-arhitektura","status":"publish","type":"product","link":"https:\/\/mao.si\/shop\/izdelek\/abiro-arhitektura\/","title":{"rendered":"ABIRO ARHITEKTURA"},"content":{"rendered":"<p>Uredila: Maja Vardjan<br \/>\nLjubljana, 2014, 255 str., slo., ill.,<br \/>\nISBN 978-961-6669-30-6<\/p>\n","protected":false},"excerpt":{"rendered":"<p>Knjiga, ki je iz\u0161la v zalo\u017ebi MAO, prina\u0161a vpogled v delo ene najbolj udarnih arhitekturnih pisarn zadnjih let v Sloveniji. Med predstavljenimi deli je najbolj znan Nordijski center Planica, katerega gradnja se zaklju\u010duje letos. Med paradne projekte Abiroja v zadnjih 15 letih pa spadajo \u0161e hibridna stavba ob \u0160martinski ulici v Ljubljani (2002), nova knji\u017enica v Grosuplju (2007), parkirna hi\u0161a \u0160arabon v Ljubljani (2008), stanovanjski kompleks v Kranju (2013) ter ve\u010d drugih stanovanjskih in poslovnih zgradb. Avtor spremnega besedila je Matev\u017e \u010celik.<\/p>\n","protected":false},"featured_media":186,"template":"","meta":[],"product_cat":[27],"product_tag":[],"_links":{"self":[{"href":"https:\/\/mao.si\/shop\/wp-json\/wp\/v2\/product\/185"}],"collection":[{"href":"https:\/\/mao.si\/shop\/wp-json\/wp\/v2\/product"}],"about":[{"href":"https:\/\/mao.si\/shop\/wp-json\/wp\/v2\/types\/product"}],"wp:featuredmedia":[{"embeddable":true,"href":"https:\/\/mao.si\/shop\/wp-json\/wp\/v2\/media\/186"}],"wp:attachment":[{"href":"https:\/\/mao.si\/shop\/wp-json\/wp\/v2\/media?parent=185"}],"wp:term":[{"taxonomy":"product_cat","embeddable":true,"href":"https:\/\/mao.si\/shop\/wp-json\/wp\/v2\/product_cat?post=185"},{"taxonomy":"product_tag","embeddable":true,"href":"https:\/\/mao.si\/shop\/wp-json\/wp\/v2\/product_tag?post=185"}],"curies":[{"name":"wp","href":"https:\/\/api.w.org\/{rel}","templated":true}]}}