{"id":183,"date":"2020-11-17T19:58:20","date_gmt":"2020-11-17T18:58:20","guid":{"rendered":"http:\/\/bma-event.net\/mao\/webshop\/product\/pod-skupno-streho\/"},"modified":"2024-04-04T11:15:08","modified_gmt":"2024-04-04T09:15:08","slug":"pod-skupno-streho","status":"publish","type":"product","link":"https:\/\/mao.si\/shop\/izdelek\/pod-skupno-streho\/","title":{"rendered":"Pod skupno streho: Moderne javne zgradbe iz zbirke MAO in drugih arhivov"},"content":{"rendered":"<p>Avtorji: Matev\u017e \u010celik, Maja Vardjan, Bogo Zupan\u010di\u010d<br \/>\nLjubljana 2013, 263 str., slo., ill.,<br \/>\nISBN 978-961-6669-24-5<\/p>\n","protected":false},"excerpt":{"rendered":"<p>Katalog istoimenske razstave govori o pomenu institucionalizirane skrbi za skupno dobro. Predstavlja izbor modernih javnih zgradb, katerih gradivo hrani arhitekturna zbirka MAO in drugi arhivi. Fotografsko gradivo, risbe in na\u010drti, ki jih dopolnjujejo besedila kustosov razstave Matev\u017ea \u010celika, Maje Vardjan in Boga Zupan\u010di\u010da, so ume\u0161\u010deni v poglavja Narava in krajina, Mesto in simboli, Socialna dr\u017eava in Infrastruktura.<\/p>\n","protected":false},"featured_media":184,"template":"","meta":[],"product_cat":[27],"product_tag":[],"_links":{"self":[{"href":"https:\/\/mao.si\/shop\/wp-json\/wp\/v2\/product\/183"}],"collection":[{"href":"https:\/\/mao.si\/shop\/wp-json\/wp\/v2\/product"}],"about":[{"href":"https:\/\/mao.si\/shop\/wp-json\/wp\/v2\/types\/product"}],"wp:featuredmedia":[{"embeddable":true,"href":"https:\/\/mao.si\/shop\/wp-json\/wp\/v2\/media\/184"}],"wp:attachment":[{"href":"https:\/\/mao.si\/shop\/wp-json\/wp\/v2\/media?parent=183"}],"wp:term":[{"taxonomy":"product_cat","embeddable":true,"href":"https:\/\/mao.si\/shop\/wp-json\/wp\/v2\/product_cat?post=183"},{"taxonomy":"product_tag","embeddable":true,"href":"https:\/\/mao.si\/shop\/wp-json\/wp\/v2\/product_tag?post=183"}],"curies":[{"name":"wp","href":"https:\/\/api.w.org\/{rel}","templated":true}]}}