{"id":175,"date":"2020-11-11T15:22:55","date_gmt":"2020-11-11T14:22:55","guid":{"rendered":"http:\/\/bma-event.net\/mao\/webshop\/product\/bio-26-common-knowledge-data\/"},"modified":"2025-12-28T11:02:35","modified_gmt":"2025-12-28T10:02:35","slug":"bio-26-common-knowledge-data","status":"publish","type":"product","link":"https:\/\/mao.si\/shop\/izdelek\/bio-26-common-knowledge-data\/","title":{"rendered":"Katalog BIO 26| Skupno znanje &#8211; Podatki"},"content":{"rendered":"<div>Urednika: Thomas Geisler in Aline Lara Rezende<\/div>\n<div>Uredni\u0161ki svetovalec: Matev\u017e Granda, Outsider<\/div>\n<div>Zalo\u017enik: Muzej za arhitekturo in oblikovanje<\/div>\n<div>Ljubljana 2019, \u0161t. str.: 80, slo.\/ang., ill.<\/div>\n<div>ISBN: 978-961-6669-57-3 (komplet)<\/div>\n<div>ISBN: 978-961-6669-59-7<\/div>\n","protected":false},"excerpt":{"rendered":"<p>Katalog 26. bienala oblikovanja sestavlja pet tematskih revij, ki sledijo delitvi osrednje razstave: Informacijska kriza, Podatki, Informacije, Znanje in Modrost. Vsaka \u0161tevilka se osredoto\u010da na dolo\u010deno temo in jo posku\u0161a osvetliti s pomo\u010djo razli\u010dnih vrst \u010dlankov, vklju\u010dno z eseji, intervjuji, kolumnami, fotoreporta\u017eami in infografikami.<\/p>\n","protected":false},"featured_media":407,"template":"","meta":[],"product_cat":[27],"product_tag":[],"_links":{"self":[{"href":"https:\/\/mao.si\/shop\/wp-json\/wp\/v2\/product\/175"}],"collection":[{"href":"https:\/\/mao.si\/shop\/wp-json\/wp\/v2\/product"}],"about":[{"href":"https:\/\/mao.si\/shop\/wp-json\/wp\/v2\/types\/product"}],"wp:featuredmedia":[{"embeddable":true,"href":"https:\/\/mao.si\/shop\/wp-json\/wp\/v2\/media\/407"}],"wp:attachment":[{"href":"https:\/\/mao.si\/shop\/wp-json\/wp\/v2\/media?parent=175"}],"wp:term":[{"taxonomy":"product_cat","embeddable":true,"href":"https:\/\/mao.si\/shop\/wp-json\/wp\/v2\/product_cat?post=175"},{"taxonomy":"product_tag","embeddable":true,"href":"https:\/\/mao.si\/shop\/wp-json\/wp\/v2\/product_tag?post=175"}],"curies":[{"name":"wp","href":"https:\/\/api.w.org\/{rel}","templated":true}]}}