{"id":1245,"date":"2022-04-12T11:11:22","date_gmt":"2022-04-12T09:11:22","guid":{"rendered":"https:\/\/mao.si\/shop\/?post_type=product&#038;p=1245"},"modified":"2025-12-28T11:00:00","modified_gmt":"2025-12-28T10:00:00","slug":"iscem-stanovanje","status":"publish","type":"product","link":"https:\/\/mao.si\/shop\/izdelek\/iscem-stanovanje\/","title":{"rendered":"I\u0161\u010dem stanovanje&#8230;"},"content":{"rendered":"<p>Uredni\u0161ki odbor: Ajda Bra\u010di\u010d, Andra\u017e Ker\u0161i\u010d, dr. Milo\u0161 Kosec, dr. Bogo Zupan\u010di\u010d<\/p>\n<p>Izdal in zalo\u017eil: Muzej za arhitekturo in oblikovanje (MAO)<\/p>\n<p>Ljubljana 2021, slo., ill.<\/p>\n<p>160 strani<\/p>\n<p>ISBN 978-961-6669-82-5<\/p>\n<p>&nbsp;<\/p>\n","protected":false},"excerpt":{"rendered":"<p style=\"text-align: left\">Zgodovina organizirane stanovanjske gradnje pri nas je obenem tudi zgodovina razli\u010dnih pristopov k re\u0161evanju stanovanjske krize. Ekonomske, dru\u017ebene, vojne in politi\u010dne razmere so v dvajsetem stoletju stanovanjske razmere zaostrovale, obenem pa so tudi razvijale \u0161tevilne velikopotezne re\u0161itve stanovanjskega problema za dinami\u010dno, hitro spreminjajo\u010do se dru\u017ebo. Na vpra\u0161anje, kaj je sodobno, zdravo, ekonomi\u010dno, okolju prijazno, velikodu\u0161no in prilagodljivo stanovanje, moramo danes iskati nove odgovore. Vendar \u0161tevilne uspe\u0161ne, ambiciozne, humane in prilagodljive stavbe in soseske organizirane stanovanjske gradnje dvajsetega stoletja niso samo dedi\u0161\u010dina preteklosti. So tudi zgrajeni opomnik, da je mogo\u010de ustvarjati solidarnej\u0161e bivalno okolje za vse. Zato sprehod po kakovostno zasnovanih \u010detrtih in soseskah iz preteklosti pomeni tudi mo\u017enost, da za\u010dnemo tu in zdaj na\u010drtovati resni\u010dno sodobno in vsem dostopno trajnostno bivalno okolje za enaindvajseto stoletje.<\/p>\n<p style=\"text-align: left\">Knjiga <em>I\u0161\u010dem stanovanje \u2026 sto let organizirane stanovanjske gradnje<\/em> je rezultat raziskave in istoimenske razstave v Muzeju za oblikovanje in arhitekturo in oblikovanje \u00a0(2021\u20132022). Sestavljajo jo trije eseji (o organizirani stanovanjski gradnji predvojnega in povojnega obdobja ter o stanju organizirane stanovanjske gradnje v obdobju po osamosvojitvi), predstavljeni pa so tudi \u0161tevilni \u0161tudijski primeri izvedenih stavb in sosesk, ki jim je dodano bogato vizualno in dokumentarno gradivo. Knjigo avtorjev Ajde Bra\u010di\u010d, Andra\u017ea Ker\u0161i\u010da, dr. Milo\u0161a Kosca in dr. Boga Zupan\u010di\u010da je oblikoval Primo\u017e Pislak, izdal pa Muzej za arhitekturo in oblikovanje (MAO), s podporo \u2013 sponzorstvom Stanovanjskega sklada Republike Slovenije, javnega sklada.<\/p>\n","protected":false},"featured_media":1249,"template":"","meta":[],"product_cat":[27],"product_tag":[],"_links":{"self":[{"href":"https:\/\/mao.si\/shop\/wp-json\/wp\/v2\/product\/1245"}],"collection":[{"href":"https:\/\/mao.si\/shop\/wp-json\/wp\/v2\/product"}],"about":[{"href":"https:\/\/mao.si\/shop\/wp-json\/wp\/v2\/types\/product"}],"wp:featuredmedia":[{"embeddable":true,"href":"https:\/\/mao.si\/shop\/wp-json\/wp\/v2\/media\/1249"}],"wp:attachment":[{"href":"https:\/\/mao.si\/shop\/wp-json\/wp\/v2\/media?parent=1245"}],"wp:term":[{"taxonomy":"product_cat","embeddable":true,"href":"https:\/\/mao.si\/shop\/wp-json\/wp\/v2\/product_cat?post=1245"},{"taxonomy":"product_tag","embeddable":true,"href":"https:\/\/mao.si\/shop\/wp-json\/wp\/v2\/product_tag?post=1245"}],"curies":[{"name":"wp","href":"https:\/\/api.w.org\/{rel}","templated":true}]}}