{"id":1239,"date":"2022-04-07T11:08:12","date_gmt":"2022-04-07T09:08:12","guid":{"rendered":"https:\/\/mao.si\/shop\/?post_type=product&#038;p=1239"},"modified":"2025-12-28T10:57:21","modified_gmt":"2025-12-28T09:57:21","slug":"future-architecture-book","status":"publish","type":"product","link":"https:\/\/mao.si\/shop\/izdelek\/future-architecture-book\/","title":{"rendered":"Future Architecture Book"},"content":{"rendered":"<p><span style=\"font-weight: 400\">Urednika: Milan Dinevski in Damjan Kokalevski<\/span><\/p>\n<p><span style=\"font-weight: 400\">Izdal: Muzej za arhitekturo in oblikovanje\u00a0<\/span><\/p>\n<p>Ljubljana 2021, ang.<\/p>\n<p>216 strani<\/p>\n<p><span style=\"font-weight: 400\">ISBN 978-961-6669-78-8<\/span><\/p>\n<p><span style=\"font-weight: 400\">COBISS.SI-ID 90768387<\/span><\/p>\n","protected":false},"excerpt":{"rendered":"<p style=\"text-align: justify;margin: 12.0pt 0cm 12.0pt 0cm\"><span style=\"font-size: 11.0pt;font-family: 'Arial',sans-serif\">\u0160tiri glavna poglavja opisujejo dele projekta Future Architecture, ki so nastali v \u0161estih letih delovanja platforme \u2013 ideje, projekte, razstave, dogodke, refleksije, publikacije, knji\u017enico, fotografije, pakete vizualne identitete, razpise za zbiranje predlogov in pri\u010devanja.<\/span><\/p>\n<p style=\"text-align: justify;margin: 12.0pt 0cm 12.0pt 0cm\"><span style=\"font-size: 11.0pt;font-family: 'Arial',sans-serif\">Letne refleksije prijavljenih idej v avtorstvu mednarodnih strokovnjakov Giovanne Borasi, Amice Dall, Marine Otero Verzier in Stojana Pelka v kriti\u010dnem in politi\u010dnem tonu ovrednotijo nabor prijavljenih idej, poglavje Grafikoni vizualno prika\u017ee prerez vsebine in sporo\u010dilnosti izbranih idej, poglavje Dosje pa ima obliko statisti\u010dnega poro\u010dila, ki predstavi koli\u010dino, kompleksnost in matemati\u010dno merljiv uspeh platforme. Poglavje Sodelovanja osvetli sam proces ustvarjanja rezultatov platforme in razkrije njegove mehanizme \u2013 od evolucije ideje prek programa do kon\u010dnega sodelovanja \u2013 katerih rezultat so \u0161tevilni arhitekturni dogodki po Evropi, od razstav, publikacij in filmov do predavanj.\u00a0<\/span><\/p>\n<p style=\"text-align: justify;margin: 12.0pt 0cm 12.0pt 0cm\"><span style=\"font-size: 11.0pt;font-family: 'Arial',sans-serif\">Kot posebno vizualno poslastico knjiga, ki jo je oblikovala Benja Pavlin, vklju\u010duje tudi dva obse\u017ena fotodokumentarna eseja; prvi vsebuje utrinke z Ustvarjalnih izmenjav, osrednjega letnega dogodka platforme Future Architecture, drugi pa utrinke z ve\u010d kot 360 dogodkov Evropskega arhitekturnega programa. V knjigi je podrobno dokumentirana tudi \u017eivahna in prepoznavna celostna podoba platforme, delo Ajdina Ba\u0161i\u0107a in v zadnjem letu Benje Pavlin.<\/span><\/p>\n<p style=\"margin: 0cm 0cm 8.0pt 0cm\">\n","protected":false},"featured_media":1240,"template":"","meta":[],"product_cat":[27],"product_tag":[],"_links":{"self":[{"href":"https:\/\/mao.si\/shop\/wp-json\/wp\/v2\/product\/1239"}],"collection":[{"href":"https:\/\/mao.si\/shop\/wp-json\/wp\/v2\/product"}],"about":[{"href":"https:\/\/mao.si\/shop\/wp-json\/wp\/v2\/types\/product"}],"wp:featuredmedia":[{"embeddable":true,"href":"https:\/\/mao.si\/shop\/wp-json\/wp\/v2\/media\/1240"}],"wp:attachment":[{"href":"https:\/\/mao.si\/shop\/wp-json\/wp\/v2\/media?parent=1239"}],"wp:term":[{"taxonomy":"product_cat","embeddable":true,"href":"https:\/\/mao.si\/shop\/wp-json\/wp\/v2\/product_cat?post=1239"},{"taxonomy":"product_tag","embeddable":true,"href":"https:\/\/mao.si\/shop\/wp-json\/wp\/v2\/product_tag?post=1239"}],"curies":[{"name":"wp","href":"https:\/\/api.w.org\/{rel}","templated":true}]}}