{"id":1094,"date":"2021-08-25T13:35:17","date_gmt":"2021-08-25T11:35:17","guid":{"rendered":"https:\/\/mao.si\/shop\/?post_type=product&#038;p=1094"},"modified":"2025-12-28T10:56:22","modified_gmt":"2025-12-28T09:56:22","slug":"skupno-v-skupnosti-the-common-in-community","status":"publish","type":"product","link":"https:\/\/mao.si\/shop\/izdelek\/skupno-v-skupnosti-the-common-in-community\/","title":{"rendered":"SKUPNO V SKUPNOSTI"},"content":{"rendered":"<p>Uredniki: Martina Male\u0161i\u010d, Asta Vre\u010dko<\/p>\n<p>Izdal in zalo\u017eil: Muzej za arhitekturo in oblikovanje (MAO)<\/p>\n<p>Ljubljana 2021, slo.\/ang., ill.<\/p>\n<p>246 strani<\/p>\n<p>ISBN 978-961-6669-74-0<\/p>\n","protected":false},"excerpt":{"rendered":"<p>Ob razstavi Skupno v skupnosti na 17. bene\u0161kem bienalu arhitekture je iz\u0161la obse\u017ena dvojezi\u010dna publikacija, ki\u00a0posku\u0161a skozi razli\u010dna besedila, arhivsko gradivo, infografike in aktualne fotografije zajeti celovitost fenomena zadru\u017enih domov.<\/p>\n","protected":false},"featured_media":1095,"template":"","meta":[],"product_cat":[27],"product_tag":[],"_links":{"self":[{"href":"https:\/\/mao.si\/shop\/wp-json\/wp\/v2\/product\/1094"}],"collection":[{"href":"https:\/\/mao.si\/shop\/wp-json\/wp\/v2\/product"}],"about":[{"href":"https:\/\/mao.si\/shop\/wp-json\/wp\/v2\/types\/product"}],"wp:featuredmedia":[{"embeddable":true,"href":"https:\/\/mao.si\/shop\/wp-json\/wp\/v2\/media\/1095"}],"wp:attachment":[{"href":"https:\/\/mao.si\/shop\/wp-json\/wp\/v2\/media?parent=1094"}],"wp:term":[{"taxonomy":"product_cat","embeddable":true,"href":"https:\/\/mao.si\/shop\/wp-json\/wp\/v2\/product_cat?post=1094"},{"taxonomy":"product_tag","embeddable":true,"href":"https:\/\/mao.si\/shop\/wp-json\/wp\/v2\/product_tag?post=1094"}],"curies":[{"name":"wp","href":"https:\/\/api.w.org\/{rel}","templated":true}]}}