{"id":877,"date":"2021-03-08T12:25:55","date_gmt":"2021-03-08T11:25:55","guid":{"rendered":"https:\/\/mao.si\/shop\/product\/dober-tek-tam-tam\/"},"modified":"2022-05-10T11:41:22","modified_gmt":"2022-05-10T09:41:22","slug":"dober-tek-tam-tam","status":"publish","type":"product","link":"https:\/\/mao.si\/shop\/en\/product\/dober-tek-tam-tam\/","title":{"rendered":"Dober tek &#8211; TAM-TAM"},"content":{"rendered":"<p>Authors: Bla\u017e Ritmani\u010d (Formitas BBDO) in Katja Lo\u017ear<\/p>\n","protected":false},"excerpt":{"rendered":"<p>Authors: Bla\u017e Ritmani\u010d (Formitas BBDO) in Katja Lo\u017ear<\/p>\n","protected":false},"featured_media":518,"template":"","meta":[],"product_cat":[17],"product_tag":[],"_links":{"self":[{"href":"https:\/\/mao.si\/shop\/en\/wp-json\/wp\/v2\/product\/877"}],"collection":[{"href":"https:\/\/mao.si\/shop\/en\/wp-json\/wp\/v2\/product"}],"about":[{"href":"https:\/\/mao.si\/shop\/en\/wp-json\/wp\/v2\/types\/product"}],"wp:featuredmedia":[{"embeddable":true,"href":"https:\/\/mao.si\/shop\/en\/wp-json\/wp\/v2\/media\/518"}],"wp:attachment":[{"href":"https:\/\/mao.si\/shop\/en\/wp-json\/wp\/v2\/media?parent=877"}],"wp:term":[{"taxonomy":"product_cat","embeddable":true,"href":"https:\/\/mao.si\/shop\/en\/wp-json\/wp\/v2\/product_cat?post=877"},{"taxonomy":"product_tag","embeddable":true,"href":"https:\/\/mao.si\/shop\/en\/wp-json\/wp\/v2\/product_tag?post=877"}],"curies":[{"name":"wp","href":"https:\/\/api.w.org\/{rel}","templated":true}]}}