{"id":875,"date":"2021-03-08T12:24:13","date_gmt":"2021-03-08T11:24:13","guid":{"rendered":"https:\/\/mao.si\/shop\/product\/diabetes-tam-tam\/"},"modified":"2021-03-26T23:50:25","modified_gmt":"2021-03-26T22:50:25","slug":"diabetes-tam-tam","status":"publish","type":"product","link":"https:\/\/mao.si\/shop\/en\/product\/diabetes-tam-tam\/","title":{"rendered":"Diabetes &#8211; TAM-TAM"},"content":{"rendered":"<p>Authors: Maru\u0161a Lek\u0161e, Zala Sajko, Ciril Tr\u010dek (Luna \/ TBWA)<\/p>\n","protected":false},"excerpt":{"rendered":"<p>&nbsp;<\/p>\n<p>&nbsp;<\/p>\n","protected":false},"featured_media":515,"template":"","meta":[],"product_cat":[17],"product_tag":[],"_links":{"self":[{"href":"https:\/\/mao.si\/shop\/en\/wp-json\/wp\/v2\/product\/875"}],"collection":[{"href":"https:\/\/mao.si\/shop\/en\/wp-json\/wp\/v2\/product"}],"about":[{"href":"https:\/\/mao.si\/shop\/en\/wp-json\/wp\/v2\/types\/product"}],"wp:featuredmedia":[{"embeddable":true,"href":"https:\/\/mao.si\/shop\/en\/wp-json\/wp\/v2\/media\/515"}],"wp:attachment":[{"href":"https:\/\/mao.si\/shop\/en\/wp-json\/wp\/v2\/media?parent=875"}],"wp:term":[{"taxonomy":"product_cat","embeddable":true,"href":"https:\/\/mao.si\/shop\/en\/wp-json\/wp\/v2\/product_cat?post=875"},{"taxonomy":"product_tag","embeddable":true,"href":"https:\/\/mao.si\/shop\/en\/wp-json\/wp\/v2\/product_tag?post=875"}],"curies":[{"name":"wp","href":"https:\/\/api.w.org\/{rel}","templated":true}]}}