{"id":867,"date":"2021-03-08T12:49:21","date_gmt":"2021-03-08T11:49:21","guid":{"rendered":"https:\/\/mao.si\/shop\/product\/preseren-tam-tam\/"},"modified":"2021-03-26T23:50:26","modified_gmt":"2021-03-26T22:50:26","slug":"preseren-tam-tam","status":"publish","type":"product","link":"https:\/\/mao.si\/shop\/en\/product\/preseren-tam-tam\/","title":{"rendered":"Pre\u0161eren &#8211; TAM -TAM"},"content":{"rendered":"<p>Authors: Gregor \u010ceferin, Toni Toma\u0161ek, Miha Bevc in Drago Mlakar<\/p>\n","protected":false},"excerpt":{"rendered":"<p>Authors: Gregor \u010ceferin, Toni Toma\u0161ek, Miha Bevc in Drago Mlakar<\/p>\n","protected":false},"featured_media":665,"template":"","meta":[],"product_cat":[17],"product_tag":[],"_links":{"self":[{"href":"https:\/\/mao.si\/shop\/en\/wp-json\/wp\/v2\/product\/867"}],"collection":[{"href":"https:\/\/mao.si\/shop\/en\/wp-json\/wp\/v2\/product"}],"about":[{"href":"https:\/\/mao.si\/shop\/en\/wp-json\/wp\/v2\/types\/product"}],"wp:featuredmedia":[{"embeddable":true,"href":"https:\/\/mao.si\/shop\/en\/wp-json\/wp\/v2\/media\/665"}],"wp:attachment":[{"href":"https:\/\/mao.si\/shop\/en\/wp-json\/wp\/v2\/media?parent=867"}],"wp:term":[{"taxonomy":"product_cat","embeddable":true,"href":"https:\/\/mao.si\/shop\/en\/wp-json\/wp\/v2\/product_cat?post=867"},{"taxonomy":"product_tag","embeddable":true,"href":"https:\/\/mao.si\/shop\/en\/wp-json\/wp\/v2\/product_tag?post=867"}],"curies":[{"name":"wp","href":"https:\/\/api.w.org\/{rel}","templated":true}]}}