{"id":79,"date":"2020-11-11T15:23:25","date_gmt":"2020-11-11T15:23:25","guid":{"rendered":"http:\/\/bma-event.net\/mao\/webshop\/?post_type=product&#038;p=79"},"modified":"2025-02-20T16:32:55","modified_gmt":"2025-02-20T15:32:55","slug":"living-with-water","status":"publish","type":"product","link":"https:\/\/mao.si\/shop\/en\/product\/living-with-water\/","title":{"rendered":"Living With Water"},"content":{"rendered":"<p>Editors: Nina Granda, Matev\u017e Granda, Ajda Bra\u010di\u010d<br \/>\nPublisher: Museum of Architecure and Design (MAO)<br \/>\nProduction: Z.O.P. &#8211; Zavod za oblikovanje prostora<br \/>\nLjubljana, 2018, 304 p., eng., ill.<br \/>\nISBN: 978-961-6669-49-8<\/p>\n","protected":false},"excerpt":{"rendered":"<p>The publication accompanies the presentation of the\u00a0<a href=\"http:\/\/www.mao.si\/Exhibition\/Living-with-Water_1.aspx\">Slovenian pavilion at the 16th International Architecture Exhibition in Venice<\/a>\u00a0\u2013 La Biennale. Articles by Lu\u010dka Kajfe\u017e Bogataj, Valentina Smej Novak, Marin Medak, five Future Architecture alumni and more.<\/p>\n","protected":false},"featured_media":67,"template":"","meta":[],"product_cat":[16],"product_tag":[],"_links":{"self":[{"href":"https:\/\/mao.si\/shop\/en\/wp-json\/wp\/v2\/product\/79"}],"collection":[{"href":"https:\/\/mao.si\/shop\/en\/wp-json\/wp\/v2\/product"}],"about":[{"href":"https:\/\/mao.si\/shop\/en\/wp-json\/wp\/v2\/types\/product"}],"wp:featuredmedia":[{"embeddable":true,"href":"https:\/\/mao.si\/shop\/en\/wp-json\/wp\/v2\/media\/67"}],"wp:attachment":[{"href":"https:\/\/mao.si\/shop\/en\/wp-json\/wp\/v2\/media?parent=79"}],"wp:term":[{"taxonomy":"product_cat","embeddable":true,"href":"https:\/\/mao.si\/shop\/en\/wp-json\/wp\/v2\/product_cat?post=79"},{"taxonomy":"product_tag","embeddable":true,"href":"https:\/\/mao.si\/shop\/en\/wp-json\/wp\/v2\/product_tag?post=79"}],"curies":[{"name":"wp","href":"https:\/\/api.w.org\/{rel}","templated":true}]}}