{"id":716,"date":"2021-03-09T09:57:32","date_gmt":"2021-03-09T11:42:37","guid":{"rendered":"https:\/\/mao.si\/shop\/?post_type=product&#038;p=716"},"modified":"2021-03-26T23:50:28","modified_gmt":"2021-03-26T22:50:28","slug":"jani-bavcer-na-soncni-strani-alp","status":"publish","type":"product","link":"https:\/\/mao.si\/shop\/en\/product\/jani-bavcer-na-soncni-strani-alp\/","title":{"rendered":"Jani Bav\u010der: Na son\u010dni strani Alp"},"content":{"rendered":"<p>Author: Jani Bav\u010der<br \/>\nTitle: Na son\u010dni strani Alp<br \/>\nYear: 1984 in 1988<br \/>\nPrint size: 50x70cm<br \/>\nPrint size on demand: 30x40cm (<strong>6.99\u20ac<\/strong>)<br \/>\nThere may be slight variations in proportions.<\/p>\n","protected":false},"excerpt":{"rendered":"<p>Author: Jani Bav\u010der Title: Na son\u010dni strani Alp Year: 1984 in 1988 Print size: 50x70cm Print size on demand: 30x40cm (6.99\u20ac) There may be slight variations in proportions.<\/p>\n","protected":false},"featured_media":629,"template":"","meta":[],"product_cat":[17],"product_tag":[],"_links":{"self":[{"href":"https:\/\/mao.si\/shop\/en\/wp-json\/wp\/v2\/product\/716"}],"collection":[{"href":"https:\/\/mao.si\/shop\/en\/wp-json\/wp\/v2\/product"}],"about":[{"href":"https:\/\/mao.si\/shop\/en\/wp-json\/wp\/v2\/types\/product"}],"wp:featuredmedia":[{"embeddable":true,"href":"https:\/\/mao.si\/shop\/en\/wp-json\/wp\/v2\/media\/629"}],"wp:attachment":[{"href":"https:\/\/mao.si\/shop\/en\/wp-json\/wp\/v2\/media?parent=716"}],"wp:term":[{"taxonomy":"product_cat","embeddable":true,"href":"https:\/\/mao.si\/shop\/en\/wp-json\/wp\/v2\/product_cat?post=716"},{"taxonomy":"product_tag","embeddable":true,"href":"https:\/\/mao.si\/shop\/en\/wp-json\/wp\/v2\/product_tag?post=716"}],"curies":[{"name":"wp","href":"https:\/\/api.w.org\/{rel}","templated":true}]}}