{"id":4536,"date":"2025-11-05T13:46:07","date_gmt":"2025-11-17T15:46:18","guid":{"rendered":"https:\/\/mao.si\/shop\/?post_type=product&#038;p=4536"},"modified":"2026-04-10T05:34:41","modified_gmt":"2026-04-10T03:34:41","slug":"4536","status":"publish","type":"product","link":"https:\/\/mao.si\/shop\/en\/product\/4536\/","title":{"rendered":"The Structure of Modernity: Edvard Ravnikar and His Quests"},"content":{"rendered":"<p>Publisher: Museum of Architecture and Design (MAO)<br \/>\nFor the Museum: Maja Vardjan, director<br \/>\nEditor: Milo\u0161 Kosec<br \/>\nExecutive Editor: Martina Male\u0161i\u010d<br \/>\nExpert Associates: Maru\u0161a Dra\u017eil, Nika Novak<\/p>\n<p>Graphic design: items<br \/>\nPhotographs: Peter \u017dargi and MAO collection<br \/>\nProofreading: Katja Paladin (Slovenian), Jeff Bickert (English)<br \/>\nTranslations: Andreja \u0160alamon Verbi\u010d (English), Marjana Oni\u0161ak (Italian)<br \/>\nPeer Reviewers: Nika Grabar, Barbara Predan<\/p>\n<p>Printed by Collegium Graphicum, Ljubljana<br \/>\nPrint run: 500 izvodov<\/p>\n<p>Ljubljana 2025<\/p>\n","protected":false},"excerpt":{"rendered":"<p><strong>With his work method architect Edvard Ravnikar embodied the belief that creativity emerges from embracing creative doubt and through critical analysis of the situation at hand, two foundations of any original intervention in the world. Amidst the social and environmental changes of the 21st century, Ravnikar\u2019s architecture is therefore more than just a chapter in the history of modernism \u2013 it is also an intellectual challenge that demonstrates how, by cultivating creative doubt in space, drawing, painting, and words an architect intervenes in the social realm and thus lays the groundwork for a better world. \u00a0<\/strong><\/p>\n<p>The bilingual scientific monograph <strong>The Structure of Modernity: Edvard Ravnikar and His Quests<\/strong> presents new contributions by researchers on the work and thought of Edvard Ravnikar, who shift the research focus from examining his realized works toward the architect\u2019s specific creative process. In the Slovenian as well as international history of architectural modernism five aspects of Ravnikar\u2019s work in particular represent intellectual and creative turning points. Susanna Campeotto writes about Ravnikar\u2019s memorial designs from the 1950s and early 60s, through which the architect created a new memorial language, one intimately connected with the landscape and which incorporated his experience of Ple\u010dnik\u2019s School into the visual language of modernism. Ale\u0161 Vodopivec understands the design concept and the construction process of the Regional People\u2019s Committee building in Kranj as an original synthesis of modernism and tradition that constitutes the basic cornerstone of Slovenian architectural assertiveness in the 20th century. Vladimir Kuli\u0107 reads Ravnikar\u2019s design process for Revolution Square in Ljubljana as the making of a new architectural knowledge that is grounded in tradition yet emancipated from it. Ravnikar\u2019s unrealized urban design plans for Skopje and Venice underpin search by Milo\u0161 Kosec for traces of Ravnikar\u2019s radical urban design project that is informed by a critical analysis of the problems that orthodox modernism generated rather than resolved, as became increasingly obvious in the 1960s. Martina Male\u0161i\u010d investigates the way the architect and his students tackled the issue of modern housing, highlighting the role of Ravnikar\u2019s seminar as a creative laboratory that generated ideas and disseminated them among the professional and general public. Nika Novak and Maru\u0161a Dra\u017eil discuss professional dilemmas in accessioning and processing Ravnikar\u2019s legacy at the Museum of Architecture and Design, in the process raising questions of storage and accessibility of architectural archives in the 21st century. The visual material was selected from Ravnikar\u2019s archive in the MAO collection. Peter \u017dargi\u2019s photographs comment on the condition, state of conservation, and (in)appropriate use of Ravnikar\u2019s work today.<\/p>\n","protected":false},"featured_media":4573,"template":"","meta":[],"product_cat":[16],"product_tag":[],"_links":{"self":[{"href":"https:\/\/mao.si\/shop\/en\/wp-json\/wp\/v2\/product\/4536"}],"collection":[{"href":"https:\/\/mao.si\/shop\/en\/wp-json\/wp\/v2\/product"}],"about":[{"href":"https:\/\/mao.si\/shop\/en\/wp-json\/wp\/v2\/types\/product"}],"wp:featuredmedia":[{"embeddable":true,"href":"https:\/\/mao.si\/shop\/en\/wp-json\/wp\/v2\/media\/4573"}],"wp:attachment":[{"href":"https:\/\/mao.si\/shop\/en\/wp-json\/wp\/v2\/media?parent=4536"}],"wp:term":[{"taxonomy":"product_cat","embeddable":true,"href":"https:\/\/mao.si\/shop\/en\/wp-json\/wp\/v2\/product_cat?post=4536"},{"taxonomy":"product_tag","embeddable":true,"href":"https:\/\/mao.si\/shop\/en\/wp-json\/wp\/v2\/product_tag?post=4536"}],"curies":[{"name":"wp","href":"https:\/\/api.w.org\/{rel}","templated":true}]}}