{"id":4530,"date":"2025-11-10T14:23:11","date_gmt":"2025-11-10T13:23:11","guid":{"rendered":"https:\/\/mao.si\/shop\/?post_type=product&#038;p=4530"},"modified":"2026-03-23T11:32:26","modified_gmt":"2026-03-23T10:32:26","slug":"reclaiming-hope-navigate-uncertainty-imagine-better-futures","status":"publish","type":"product","link":"https:\/\/mao.si\/shop\/en\/product\/reclaiming-hope-navigate-uncertainty-imagine-better-futures\/","title":{"rendered":"Reclaiming Hope: Navigate (un)certainty, imagine better futures"},"content":{"rendered":"<p><strong>Publisher<\/strong>: The Centre for Creativity, Museum of Architecture and Design (MAO)<br \/>\n<strong>Editors<\/strong>: Ivica Mitrovi\u0107, Dora Vanette<br \/>\n<strong>Contributors<\/strong>: James Auger, Guillem Camprodon, Lodovica Guarnieri, Jimmy Loizeau, Silvio Lorusso, Natalija Majsova, Enzio Manzini, David Martens, Ivica Mitrovi\u0107, Pirate Care, Lourdes Rodriguez, \u00c1kos Schneider, Maja \u0160u\u0161tar\u0161i\u010d, Time\u2019s Up, Dora Vanette<br \/>\n<strong>Design and Layout<\/strong>: Oleg \u0160uran<br \/>\n<strong>Translation<\/strong>: Maja Furlani\u010d (Italian)<\/p>\n<p>Nova Gorica 2025, 141 str., English.<\/p>\n","protected":false},"excerpt":{"rendered":"<p>The book Reclaiming Hope: Navigate (un)certainty, imagine better futures, edited by Ivica Mitrovi\u0107 and Dora Vanette and published by the Centre for Creativity (Museum of Architecture and Design, Slovenia), brings together contributions from authors, researchers, and practitioners in the fields of design, architecture, art, and social sciences. It explores the role of imagination, solidarity, and collective action in shaping more just and sustainable futures.<\/p>\n<p>Through essays and case studies, the book bridges theory and practice, offering reflections on speculative design, education, care infrastructures and participatory approaches. It highlights the power of collaboration, proximity, and care \u2014 values that were also central to the Reclaiming Hope symposium, from which the publication emerged.<\/p>\n<p><a href=\"https:\/\/static1.squarespace.com\/static\/682df8e988a0ec49e7cb8baa\/t\/68d692cd2d44f53f6f88854f\/1758892749381\/Reclaming+Hope+-+Navigate+%28un%29certainty%2C+imagine+better+futures.pdf\">Digital version of the book &gt;&gt;<\/a><\/p>\n","protected":false},"featured_media":4487,"template":"","meta":[],"product_cat":[16],"product_tag":[],"_links":{"self":[{"href":"https:\/\/mao.si\/shop\/en\/wp-json\/wp\/v2\/product\/4530"}],"collection":[{"href":"https:\/\/mao.si\/shop\/en\/wp-json\/wp\/v2\/product"}],"about":[{"href":"https:\/\/mao.si\/shop\/en\/wp-json\/wp\/v2\/types\/product"}],"wp:featuredmedia":[{"embeddable":true,"href":"https:\/\/mao.si\/shop\/en\/wp-json\/wp\/v2\/media\/4487"}],"wp:attachment":[{"href":"https:\/\/mao.si\/shop\/en\/wp-json\/wp\/v2\/media?parent=4530"}],"wp:term":[{"taxonomy":"product_cat","embeddable":true,"href":"https:\/\/mao.si\/shop\/en\/wp-json\/wp\/v2\/product_cat?post=4530"},{"taxonomy":"product_tag","embeddable":true,"href":"https:\/\/mao.si\/shop\/en\/wp-json\/wp\/v2\/product_tag?post=4530"}],"curies":[{"name":"wp","href":"https:\/\/api.w.org\/{rel}","templated":true}]}}