{"id":4491,"date":"2025-10-29T10:28:23","date_gmt":"2025-10-29T09:28:23","guid":{"rendered":"https:\/\/mao.si\/shop\/?post_type=product&#038;p=4491"},"modified":"2025-12-19T00:39:34","modified_gmt":"2025-12-18T23:39:34","slug":"the-century-of-the-poster-slovenian-poster-design-in-the-20th-century","status":"publish","type":"product","link":"https:\/\/mao.si\/shop\/en\/product\/the-century-of-the-poster-slovenian-poster-design-in-the-20th-century\/","title":{"rendered":"The Century of the Poster: Slovenian Poster Design in the 20th Century"},"content":{"rendered":"<p><span style=\"font-weight: 400\">Author and editor: Dr Cvetka Po\u017ear<\/span><br \/>\nPeer review: Dr Stane Bernik, Dr Fedja Vuki\u0107<br \/>\nTranslations: Darja Horvati\u010d, Andreja Verbi\u010d \u0160alamon<br \/>\nCopyediting: Jeff Bickert<br \/>\nDesign and layout: Ajdin Ba\u0161i\u0107, \u0160pela Razpotnik<\/p>\n<p>TYPEFACES<br \/>\nTisa Pro and Tisa Pro Sans by Mitja Miklav\u010di\u010d<br \/>\nVesna by Alja Herlah (Type Salon)<br \/>\nNarod by Domen Frs<br \/>\nGospodar by Jure Ko\u017euh<\/p>\n<p>PRINT<br \/>\nKerschoffset, Zagreb<\/p>\n<p><span style=\"font-weight: 400\">Publisher: Museum of Architecture and Design (MAO)<\/span><br \/>\nLjubljana 2025<br \/>\n<span style=\"font-weight: 400\">ISBN: 978-961-7247-03-9<\/span><\/p>\n","protected":false},"excerpt":{"rendered":"<p><em>The<\/em><em> Century of the Poster <\/em>by Dr Cvetka Po\u017ear was first published to accompany an exhibition of the same name, held in 2015 at the Museum of Architecture and Design (MAO) in Ljubljana. This highly acclaimed exhibition showcased the poster as a direct and effective medium of visual communication that has attracted audiences in public spaces for over a century through its compelling blend of imagery and text.<\/p>\n<p>Spanning over a century of social, cultural, and technological change,\u00a0<em>The Century of the Poster<\/em>\u00a0offers a detailed typological and stylistic analysis of the poster as a medium of mass communication. Dr\u00a0Po\u017ear examines how the poster in Slovenia \u2014 like elsewhere in Europe \u2014 emerged as a powerful visual tool, shaping public space, influencing political discourse, and reflecting the aspirations and transformations of modern society.<\/p>\n<p>Drawing from MAO\u2019s extensive visual communications collection \u2014 the only one of its kind in Slovenia \u2014 alongside materials from national libraries, archives, and private holdings, the book presents a rich visual narrative of over 300 posters. From early 20th-century lithographs to (late) modernist and post-socialist design, the selection illustrates how Slovenian designers contributed to global developments in visual communication while articulating distinct local identities.<\/p>\n<p>This English edition makes the book accessible to an international audience for the first time. Although the author\u2019s research originates in Slovenia and provides a unique insight into the development of graphic design in the country, the book\u2019s message transcends national borders. It offers a broader, more fundamental reflection on the poster as a form of creative expression in the 20th century. At the same time, the book reminds us that the poster is not merely a visual reflection of the time in which it was created but also a medium that can actively shape the social and political context.<\/p>\n<p>Scholarly yet visually engaging,\u00a0<em>The Century of the Poster<\/em>\u00a0is an essential reference for historians, designers, and anyone interested in graphic design, visual culture, or modern history.<\/p>\n","protected":false},"featured_media":4492,"template":"","meta":[],"product_cat":[16],"product_tag":[],"_links":{"self":[{"href":"https:\/\/mao.si\/shop\/en\/wp-json\/wp\/v2\/product\/4491"}],"collection":[{"href":"https:\/\/mao.si\/shop\/en\/wp-json\/wp\/v2\/product"}],"about":[{"href":"https:\/\/mao.si\/shop\/en\/wp-json\/wp\/v2\/types\/product"}],"wp:featuredmedia":[{"embeddable":true,"href":"https:\/\/mao.si\/shop\/en\/wp-json\/wp\/v2\/media\/4492"}],"wp:attachment":[{"href":"https:\/\/mao.si\/shop\/en\/wp-json\/wp\/v2\/media?parent=4491"}],"wp:term":[{"taxonomy":"product_cat","embeddable":true,"href":"https:\/\/mao.si\/shop\/en\/wp-json\/wp\/v2\/product_cat?post=4491"},{"taxonomy":"product_tag","embeddable":true,"href":"https:\/\/mao.si\/shop\/en\/wp-json\/wp\/v2\/product_tag?post=4491"}],"curies":[{"name":"wp","href":"https:\/\/api.w.org\/{rel}","templated":true}]}}