{"id":4409,"date":"2025-05-07T15:32:12","date_gmt":"2025-05-07T13:32:12","guid":{"rendered":"https:\/\/mao.si\/shop\/?post_type=product&#038;p=4409"},"modified":"2025-11-13T14:27:27","modified_gmt":"2025-11-13T13:27:27","slug":"master-builders","status":"publish","type":"product","link":"https:\/\/mao.si\/shop\/en\/product\/master-builders\/","title":{"rendered":"Master Builders"},"content":{"rendered":"<p><strong>Publisher<\/strong>: Museum of Architecture and Design (MAO)<br \/>\n<strong>For the Publisher<\/strong>: Maja Vardjan, director<br \/>\n<strong>Editors<\/strong>: Ana Kosi, Ognen Arsov<br \/>\n<strong>Executive Editors<\/strong>: Ajda Bra\u010di\u010d, Bla\u017e \u0160enica<br \/>\n<strong>Texts<\/strong>: Ana Kosi, Ognen Arsov, Maja Vardjan, Bla\u017e \u0160enica, Ana Svetel<br \/>\n<strong>Craftsmen<\/strong>: Ale\u0161 (roofer), Damian (assembler), Elfim (mason), Fadil (drywall installer), Ga\u0161per (tinsmith), Gojko (mechanical installations installer), Jernej (drywall installer), Klemen (installer), Kristjan (ceramic tile layer), Matja\u017e (decorative plasterer), Mitja (ceramic tile layer), Neim (mason), Omer (mason), Rene (carpenter), Rok (carpenter), Sa\u0161o (carpenter), Zoki (drywall installer)<br \/>\n<strong>Graphic Design<\/strong>: Studio Nejc Prah<br \/>\n<strong>Photography<\/strong>: Klemen Ilovar, Matic Pandel<br \/>\n<strong>Translations into English<\/strong>: Andreja \u0160alamon Verbi\u010d<br \/>\n<strong>Copy Editing, English<\/strong>: Jeff Bickert<\/p>\n<p>Ljubljana 2025, 91 p., English.<\/p>\n<p>The publication was issued on the occasion of the presentation of the Republic of Slovenia pavilion at the 19th International Architecture Exhibition of the Venice Biennale.<\/p>\n","protected":false},"excerpt":{"rendered":"<p><span style=\"font-size: 10.0pt;font-family: 'Arial',sans-serif\">The catalogue <em><span style=\"font-family: 'Arial',sans-serif\">Masters Builders<\/span><\/em>, edited by Ana Kosi and Ognen Arsov and their collaborators, is conceived as a textual and visual document of the process of the experimental construction of the Slovenian pavilion, and works to further elucidate the project&#8217;s intents and content. It is structured as a dramaturgical interplay of architectural theory and history; as a statistical analyses of Slovenian construction sites, as the technical presentation of totems, a construction diary, as debates with masters, and as reflections on architectural drawings and literary texts. The worlds of architects, builders, and craftsmen are exposed and connected on an entirely level playing field. <\/span><\/p>\n<p><span style=\"font-size: 10.0pt;font-family: 'Arial',sans-serif\">In addition to the various textual materials, a key component of the catalogue consists in the original photographs by Klemen Ilovar, which document the work process and capture the atmosphere of the construction; and the catalogue is designed by graphic designer Nejc Prah.\u00a0<\/span><\/p>\n","protected":false},"featured_media":4412,"template":"","meta":[],"product_cat":[16],"product_tag":[],"_links":{"self":[{"href":"https:\/\/mao.si\/shop\/en\/wp-json\/wp\/v2\/product\/4409"}],"collection":[{"href":"https:\/\/mao.si\/shop\/en\/wp-json\/wp\/v2\/product"}],"about":[{"href":"https:\/\/mao.si\/shop\/en\/wp-json\/wp\/v2\/types\/product"}],"wp:featuredmedia":[{"embeddable":true,"href":"https:\/\/mao.si\/shop\/en\/wp-json\/wp\/v2\/media\/4412"}],"wp:attachment":[{"href":"https:\/\/mao.si\/shop\/en\/wp-json\/wp\/v2\/media?parent=4409"}],"wp:term":[{"taxonomy":"product_cat","embeddable":true,"href":"https:\/\/mao.si\/shop\/en\/wp-json\/wp\/v2\/product_cat?post=4409"},{"taxonomy":"product_tag","embeddable":true,"href":"https:\/\/mao.si\/shop\/en\/wp-json\/wp\/v2\/product_tag?post=4409"}],"curies":[{"name":"wp","href":"https:\/\/api.w.org\/{rel}","templated":true}]}}