{"id":3766,"date":"2023-10-18T11:44:41","date_gmt":"2023-10-18T09:44:41","guid":{"rendered":"https:\/\/mao.si\/shop\/product\/universum-plecnik-od-delavnice-do-mita\/"},"modified":"2023-10-18T15:14:54","modified_gmt":"2023-10-18T13:14:54","slug":"universum-plecnik-od-delavnice-do-mita","status":"publish","type":"product","link":"https:\/\/mao.si\/shop\/en\/product\/universum-plecnik-od-delavnice-do-mita\/","title":{"rendered":"Universum Ple\u010dnik: Between Workshop and Myth"},"content":{"rendered":"<p><strong>Editorial board<\/strong>: Toma\u017e \u0160toka (editor-in-chief), Milo\u0161 Kosec, Natalija Lapajne, Bogo Zupan\u010di\u010d<br \/>\n<strong>Contributors<\/strong>: Toma\u017e \u0160toka, Milo\u0161 Kosec, Bogo Zupan\u010di\u010d, Ana Kre\u010d, Jure Hrovat, Anja Delbello, Alja\u017e Vesel<br \/>\n<strong>Graphic design AA<\/strong> \u2013 Anja Delbello, Alja\u017e Vesel<br \/>\n<strong>Exhibition design<\/strong>: svet vmes \u2013 Ana Kre\u010d, Jure Hrovat, Marko Kav\u010di\u010d, Amadej Mravlak<br \/>\n<strong>Photographs<\/strong>: Adam \u0160t\u011bch<br \/>\nP<strong>hotographs of the exhibition and catalogue photos<\/strong>: Klemen Ilovar<br \/>\n<strong>Publisher<\/strong>: Museum of Architecture and Design (MAO), Ljubljana 2023, 292 pp., Slovenian and English.<br \/>\n<strong>ISBN<\/strong> 978-961-6669-95-5<\/p>\n","protected":false},"excerpt":{"rendered":"<p>The book elaborates on the architect\u2019s approaches to designing public space and focuses on the complex relationship between the teacher and his students to reflect on certain aspects of Ple\u010dnik\u2019s rich legacy that were previously only rarely discussed. Archival plans, sketches, and photographs reveal the architect\u2019s legacy of communal spaces that unfolds as a complex and holistic vision of a connected world.<\/p>\n<p>Edited by Toma\u017e \u0160toka with Milo\u0161 Kosec, Natalija Lapajne, and Bogo Zupan\u010di\u010d, Universum Ple\u010dnik expands on the articulation of Ple\u010dnik\u2019s heritage and highlights the lasting relevance of his designs, thereby opening the doors for further exploration of new sources. The book presents essays by members of the editorial board and exhibition designers Ana Kre\u010d, Jure Hrovat, Anja Delbello, and Alja\u017e Vesel, the latter two contributed also as catalogue designers, as well as a foreword by Acting Director General of the Directorate for Cultural Heritage \u0160pela Span\u017eel. In their reflections, the authors discuss different aspects of public space, the course of the collective process that led to the creation of Ple\u010dnik\u2019s designs after World War I, Ple\u010dnik\u2019s school, and the translation of the architect\u2019s urban approaches into the exhibition medium.<\/p>\n<p>The chapter The Common Roof presents Ple\u010dnik\u2019s and his students\u2019 materials from the MAO collection. More or less previously unseen plans reveal a world full of loyalty, dissent, adherence, and explorations of generations of students who evolved into architects by their teacher\u2019s side. The selection also reveals the vitality of Ple\u010dnik\u2019s school in the teacher\u2019s late period \u2013 during and after World War II \u2013 which has long wrongly been considered the time of his waning creative power.<\/p>\n","protected":false},"featured_media":3756,"template":"","meta":[],"product_cat":[16],"product_tag":[],"_links":{"self":[{"href":"https:\/\/mao.si\/shop\/en\/wp-json\/wp\/v2\/product\/3766"}],"collection":[{"href":"https:\/\/mao.si\/shop\/en\/wp-json\/wp\/v2\/product"}],"about":[{"href":"https:\/\/mao.si\/shop\/en\/wp-json\/wp\/v2\/types\/product"}],"wp:featuredmedia":[{"embeddable":true,"href":"https:\/\/mao.si\/shop\/en\/wp-json\/wp\/v2\/media\/3756"}],"wp:attachment":[{"href":"https:\/\/mao.si\/shop\/en\/wp-json\/wp\/v2\/media?parent=3766"}],"wp:term":[{"taxonomy":"product_cat","embeddable":true,"href":"https:\/\/mao.si\/shop\/en\/wp-json\/wp\/v2\/product_cat?post=3766"},{"taxonomy":"product_tag","embeddable":true,"href":"https:\/\/mao.si\/shop\/en\/wp-json\/wp\/v2\/product_tag?post=3766"}],"curies":[{"name":"wp","href":"https:\/\/api.w.org\/{rel}","templated":true}]}}