{"id":125,"date":"2020-11-17T20:21:37","date_gmt":"2020-11-17T20:21:37","guid":{"rendered":"http:\/\/bma-event.net\/mao\/webshop\/?post_type=product&#038;p=125"},"modified":"2022-05-01T00:15:34","modified_gmt":"2022-04-30T22:15:34","slug":"karlo-kocjancic-1901-1970","status":"publish","type":"product","link":"https:\/\/mao.si\/shop\/en\/product\/karlo-kocjancic-1901-1970\/","title":{"rendered":"Karlo Kocjan\u010di\u010d, 1901-1970"},"content":{"rendered":"<p>Edited: dr. Primo\u017e Lampi\u010d<br \/>\nLjubljana 1999, 121 Pages, slo., eng., ill., ISBN 961-90417-2-0<\/p>\n","protected":false},"excerpt":{"rendered":"<p>The monograph presents the work of Karl Kocjan\u010di\u010d, Slovenian journalist, photographer and writer. The texts were contributed by several authors.<\/p>\n","protected":false},"featured_media":48,"template":"","meta":[],"product_cat":[16],"product_tag":[],"_links":{"self":[{"href":"https:\/\/mao.si\/shop\/en\/wp-json\/wp\/v2\/product\/125"}],"collection":[{"href":"https:\/\/mao.si\/shop\/en\/wp-json\/wp\/v2\/product"}],"about":[{"href":"https:\/\/mao.si\/shop\/en\/wp-json\/wp\/v2\/types\/product"}],"wp:featuredmedia":[{"embeddable":true,"href":"https:\/\/mao.si\/shop\/en\/wp-json\/wp\/v2\/media\/48"}],"wp:attachment":[{"href":"https:\/\/mao.si\/shop\/en\/wp-json\/wp\/v2\/media?parent=125"}],"wp:term":[{"taxonomy":"product_cat","embeddable":true,"href":"https:\/\/mao.si\/shop\/en\/wp-json\/wp\/v2\/product_cat?post=125"},{"taxonomy":"product_tag","embeddable":true,"href":"https:\/\/mao.si\/shop\/en\/wp-json\/wp\/v2\/product_tag?post=125"}],"curies":[{"name":"wp","href":"https:\/\/api.w.org\/{rel}","templated":true}]}}