{"id":121,"date":"2020-11-17T20:16:41","date_gmt":"2020-11-17T20:16:41","guid":{"rendered":"http:\/\/bma-event.net\/mao\/webshop\/?post_type=product&#038;p=121"},"modified":"2021-03-26T23:50:23","modified_gmt":"2021-03-26T22:50:23","slug":"fotoantika-23","status":"publish","type":"product","link":"https:\/\/mao.si\/shop\/en\/product\/fotoantika-23\/","title":{"rendered":"Fotoantika 23"},"content":{"rendered":"<p>Authors: Primp\u017e Lampi\u010d, Tatjana Rodo\u0161ek, Barbara \u017dabota, Anja Zorko, Vesna \u010crnivec<\/p>\n<p>Language: Slovenski<\/p>\n<p>Year of publication: 2006<\/p>\n<p>Number of pages: 40<\/p>\n<p>Publisher: Arhitekturni muzej Ljubljana, Dru\u0161tvo fotografov Slovenije<\/p>\n","protected":false},"excerpt":{"rendered":"<p>Authors: Primp\u017e Lampi\u010d, Tatjana Rodo\u0161ek, Barbara \u017dabota, Anja Zorko, Vesna \u010crnivec Language: Slovenski Year of publication: 2006 Number of pages: 40 Publisher: Arhitekturni muzej Ljubljana, Dru\u0161tvo fotografov Slovenije<\/p>\n","protected":false},"featured_media":44,"template":"","meta":[],"product_cat":[16],"product_tag":[],"_links":{"self":[{"href":"https:\/\/mao.si\/shop\/en\/wp-json\/wp\/v2\/product\/121"}],"collection":[{"href":"https:\/\/mao.si\/shop\/en\/wp-json\/wp\/v2\/product"}],"about":[{"href":"https:\/\/mao.si\/shop\/en\/wp-json\/wp\/v2\/types\/product"}],"wp:featuredmedia":[{"embeddable":true,"href":"https:\/\/mao.si\/shop\/en\/wp-json\/wp\/v2\/media\/44"}],"wp:attachment":[{"href":"https:\/\/mao.si\/shop\/en\/wp-json\/wp\/v2\/media?parent=121"}],"wp:term":[{"taxonomy":"product_cat","embeddable":true,"href":"https:\/\/mao.si\/shop\/en\/wp-json\/wp\/v2\/product_cat?post=121"},{"taxonomy":"product_tag","embeddable":true,"href":"https:\/\/mao.si\/shop\/en\/wp-json\/wp\/v2\/product_tag?post=121"}],"curies":[{"name":"wp","href":"https:\/\/api.w.org\/{rel}","templated":true}]}}