{"id":112,"date":"2020-11-17T20:04:19","date_gmt":"2020-11-17T20:04:19","guid":{"rendered":"http:\/\/bma-event.net\/mao\/webshop\/?post_type=product&#038;p=112"},"modified":"2024-07-16T12:24:25","modified_gmt":"2024-07-16T10:24:25","slug":"plecnik-s-studenti-in-drugi-jugoslovanski-arhitekti-v-le-corbusierovem-ateljeju","status":"publish","type":"product","link":"https:\/\/mao.si\/shop\/en\/product\/plecnik-s-studenti-in-drugi-jugoslovanski-arhitekti-v-le-corbusierovem-ateljeju\/","title":{"rendered":"Ple\u010dnik s \u0161tudenti in drugi jugoslovanski arhitekti v Le Corbusierovem ateljeju"},"content":{"rendered":"<p>Authors: Bogo Zupan\u010di\u010d<\/p>\n<p>Language: Slovenski<\/p>\n<p>Year of publication: 2017<\/p>\n<p>Number of pages: 232<\/p>\n<p>Publisher: MAO Ljubljana<\/p>\n","protected":false},"excerpt":{"rendered":"<p>Authors: Bogo Zupan\u010di\u010d Language: Slovenski Year of publication: 2017 Number of pages: 232 Publisher: MAO Ljubljana<\/p>\n","protected":false},"featured_media":31,"template":"","meta":[],"product_cat":[16],"product_tag":[],"_links":{"self":[{"href":"https:\/\/mao.si\/shop\/en\/wp-json\/wp\/v2\/product\/112"}],"collection":[{"href":"https:\/\/mao.si\/shop\/en\/wp-json\/wp\/v2\/product"}],"about":[{"href":"https:\/\/mao.si\/shop\/en\/wp-json\/wp\/v2\/types\/product"}],"wp:featuredmedia":[{"embeddable":true,"href":"https:\/\/mao.si\/shop\/en\/wp-json\/wp\/v2\/media\/31"}],"wp:attachment":[{"href":"https:\/\/mao.si\/shop\/en\/wp-json\/wp\/v2\/media?parent=112"}],"wp:term":[{"taxonomy":"product_cat","embeddable":true,"href":"https:\/\/mao.si\/shop\/en\/wp-json\/wp\/v2\/product_cat?post=112"},{"taxonomy":"product_tag","embeddable":true,"href":"https:\/\/mao.si\/shop\/en\/wp-json\/wp\/v2\/product_tag?post=112"}],"curies":[{"name":"wp","href":"https:\/\/api.w.org\/{rel}","templated":true}]}}