{"id":1101,"date":"2021-08-25T13:35:17","date_gmt":"2021-08-25T11:35:17","guid":{"rendered":"https:\/\/mao.si\/shop\/product\/skupno-v-skupnosti-the-common-in-community\/"},"modified":"2026-03-16T15:50:14","modified_gmt":"2026-03-16T14:50:14","slug":"skupno-v-skupnosti-the-common-in-community","status":"publish","type":"product","link":"https:\/\/mao.si\/shop\/en\/product\/skupno-v-skupnosti-the-common-in-community\/","title":{"rendered":"THE COMMON IN COMMUNITY"},"content":{"rendered":"<p>Editors: Martina Male\u0161i\u010d, Asta Vre\u010dko<\/p>\n<p>Publisher: Museum of Architecture and Design (MAO)<\/p>\n<p>Ljubljana 2021, slo.\/ang., ill.<\/p>\n<p>246 pages<\/p>\n<p>ISBN 978-961-6669-74-0<\/p>\n","protected":false},"excerpt":{"rendered":"<p>The exhibition <em>The Common in Community<\/em> for the 17<sup>th<\/sup> Venice Architecture Biennale is now accompanied with an extensive bilingual publication that looks at cooperative centres through different texts, archival materials, infographics and topical photographs, aiming to present this phenomenon in its integrity.<\/p>\n","protected":false},"featured_media":1096,"template":"","meta":[],"product_cat":[16],"product_tag":[],"_links":{"self":[{"href":"https:\/\/mao.si\/shop\/en\/wp-json\/wp\/v2\/product\/1101"}],"collection":[{"href":"https:\/\/mao.si\/shop\/en\/wp-json\/wp\/v2\/product"}],"about":[{"href":"https:\/\/mao.si\/shop\/en\/wp-json\/wp\/v2\/types\/product"}],"wp:featuredmedia":[{"embeddable":true,"href":"https:\/\/mao.si\/shop\/en\/wp-json\/wp\/v2\/media\/1096"}],"wp:attachment":[{"href":"https:\/\/mao.si\/shop\/en\/wp-json\/wp\/v2\/media?parent=1101"}],"wp:term":[{"taxonomy":"product_cat","embeddable":true,"href":"https:\/\/mao.si\/shop\/en\/wp-json\/wp\/v2\/product_cat?post=1101"},{"taxonomy":"product_tag","embeddable":true,"href":"https:\/\/mao.si\/shop\/en\/wp-json\/wp\/v2\/product_tag?post=1101"}],"curies":[{"name":"wp","href":"https:\/\/api.w.org\/{rel}","templated":true}]}}