{"id":108,"date":"2020-11-17T19:58:20","date_gmt":"2020-11-17T19:58:20","guid":{"rendered":"http:\/\/bma-event.net\/mao\/webshop\/?post_type=product&#038;p=108"},"modified":"2021-03-26T23:50:22","modified_gmt":"2021-03-26T22:50:22","slug":"pod-skupno-streho","status":"publish","type":"product","link":"https:\/\/mao.si\/shop\/en\/product\/pod-skupno-streho\/","title":{"rendered":"Pod skupno streho: Moderne javne zgradbe iz zbirke MAO in drugih arhivov"},"content":{"rendered":"<p>Authors: Matev\u017e \u010celik, Maja Vardjan, Bogo Zupan\u010di\u010d<br \/>\nLjubljana 2013, 263 str., slo., ill.,<br \/>\nISBN 978-961-6669-24-5<\/p>\n","protected":false},"excerpt":{"rendered":"<p>The catalogue with the same name as the exhibition talks about the importance of institutionalized care for the common good. It presents a selection of modern public buildings held in the architectural collection of MAO and other archives. Photographs, drawings and plans, supplemented by the texts of the exhibition&#8217;s curators Matev\u017e \u010celik, Maja Vardjan and Bogo Zupan\u010di\u010d, are placed in the chapters Nature and Landscape, City and Symbols, Welfare State and Infrastructure.<\/p>\n","protected":false},"featured_media":26,"template":"","meta":[],"product_cat":[16],"product_tag":[],"_links":{"self":[{"href":"https:\/\/mao.si\/shop\/en\/wp-json\/wp\/v2\/product\/108"}],"collection":[{"href":"https:\/\/mao.si\/shop\/en\/wp-json\/wp\/v2\/product"}],"about":[{"href":"https:\/\/mao.si\/shop\/en\/wp-json\/wp\/v2\/types\/product"}],"wp:featuredmedia":[{"embeddable":true,"href":"https:\/\/mao.si\/shop\/en\/wp-json\/wp\/v2\/media\/26"}],"wp:attachment":[{"href":"https:\/\/mao.si\/shop\/en\/wp-json\/wp\/v2\/media?parent=108"}],"wp:term":[{"taxonomy":"product_cat","embeddable":true,"href":"https:\/\/mao.si\/shop\/en\/wp-json\/wp\/v2\/product_cat?post=108"},{"taxonomy":"product_tag","embeddable":true,"href":"https:\/\/mao.si\/shop\/en\/wp-json\/wp\/v2\/product_tag?post=108"}],"curies":[{"name":"wp","href":"https:\/\/api.w.org\/{rel}","templated":true}]}}