{"id":3753,"date":"2021-01-28T18:58:07","date_gmt":"2021-01-28T18:58:07","guid":{"rendered":"https:\/\/mao.si\/?page_id=3753"},"modified":"2026-03-27T10:25:49","modified_gmt":"2026-03-27T09:25:49","slug":"visitor-information","status":"publish","type":"page","link":"https:\/\/mao.si\/en\/visitor-information\/","title":{"rendered":"Visitor Information"},"content":{"rendered":"\n<span id=\"opening-hours\"><\/span>\n\n\n\n\n\n<div id=\"layout-block_5ffea401b8937\" class=\"layout\">\n\n\t\n\t<div class=\"bta-container container-fluid mb-0 animate-on-visible\">\n\t<div class=\"bta-row row bg-white\" style=\"color:inherit\">\n\n\n\n\n\n<div class=\"col-12 col-lg-6 p-0\">\n\t\t\t\t\t\t\t\t\t<div class=\"wp-block-cover 50vh nomobile bckg-image\" style=\"background-image:url('https:\/\/mao.si\/wp-content\/uploads\/2021\/01\/Delovni-c\u030cas.jpg')\"><\/div>\n\t\t\t<\/div>\n\n\n\n\n\n\n\n\n\n\n\t<div class=\"col-12 col-lg-6  p-pgpd align-self-center\">\n\t<h3 class=\"p1\"><b>Opening hours<\/b><\/h3>\n<p>&nbsp;<\/p>\n<p class=\"p1\"><strong>MAO is open<\/strong><\/p>\n<p class=\"p1\">from Tuesday to Sunday, 10 a. m. \u2013 6 p. m.<\/p>\n<p>&nbsp;<\/p>\n<p><strong>Exceptions to the opening hours<\/strong><\/p>\n<p>24th, 31st December, 10 a. m. \u2013 2 p. m.<\/p>\n<p>&nbsp;<\/p>\n<p class=\"p1\"><strong>MAO is closed <\/strong>on Mondays, on 1 January, 1 November, 25 December<\/p>\n<p>&nbsp;<\/p>\n<p class=\"p1\">\n<p>&nbsp;<\/p>\n\n\t\t<\/div>\n\n\n\n\n\n\t\n\n\n\n\n\n<div class=\"col-12 col-lg-6 p-0 mobileonly\" style=\"padding-bottom:0!important\">\n\t\t\t\t\t\t\t\t<div class=\"wp-block-cover 50vh bckg-image\" style=\"background-image:url('https:\/\/mao.si\/wp-content\/uploads\/2021\/01\/Delovni-c\u030cas.jpg')\"><\/div>\n\t\t\t<\/div>\n\n\n\t\n\n\t<\/div>\n\t<\/div>\n\n\n\n<\/div>\n\n\n\n\n\n\n\n\n<span id=\"how-to-reach-us\"><\/span>\n\n\n<div class=\"wp-bootstrap-blocks-container container-fluid mb-0\">\n\t\n<div class=\"wp-bootstrap-blocks-row row\">\n\t\n\n<div class=\"col-12 col-lg-6  p-pgpd align-self-center\">\n\t\t\t\n\n<h3 class=\"p1\">How to reach us<\/h3>\n<p class=\"p1\">Rusjanov trg 7, 1000 Ljubljana<\/p>\n<p><span style=\"font-weight: 400;\">Telefon: <a href=\"tel:0038615484270\">01 548 42 70<\/a><\/span><\/p>\n<p><span style=\"font-weight: 400;\">E-mail: <\/span><a href=\"mailto:mao@mao.si\"><span style=\"font-weight: 400;\">mao@mao.si<\/span><\/a><\/p>\n<p><\/p>\n<p class=\"p1\"><strong>By public transport \/ bus<\/strong><\/p>\n<p class=\"p1\">20 Nove Sto\u017eice-Rusjanov trg<\/p>\n<p class=\"p1\">22 Kamna Gorica-Rusjanov trg<\/p>\n<p>25 Zadobrova-Rusjanov trg<\/p>\n<p><\/p>\n<p class=\"p1\"><strong>On foot or by bike<\/strong><\/p>\n<p class=\"p1\">A beautiful cycling and walking trail will take your from Ljubljana city centre to our museum.<\/p>\n<p><\/p>\n<p><strong>Avant2go<\/strong><\/p>\n<p>The MAO parking area is a designated pick-up and drop-off location for Avant2Go vehicles.<\/p>\n<p class=\"p1\"><\/p>\n\n\t<\/div>\n\n\n\n<div class=\"col-12 col-lg-6 p-0 bg-light\">\n\t\t\t\n \n\t<div class=\"wrap-map\" style=\"height:100%; min-height: 43vw\">\n\n<iframe src=\"https:\/\/www.google.com\/maps\/embed?pb=!1m18!1m12!1m3!1d2769.0243224314263!2d14.561283715294914!3d46.05061310214359!2m3!1f0!2f0!3f0!3m2!1i1024!2i768!4f13.1!3m3!1m2!1s0x4765327353e570e5%3A0x4df07a74a7241f04!2sMuzej%20za%20arhitekturo%20in%20oblikovanje!5e0!3m2!1sen!2ssi!4v1610232852009!5m2!1sen!2ssi\" width=\"100%\" height=\"100%\" frameborder=\"0\" style=\"border:0;\" allowfullscreen=\"\" aria-hidden=\"false\" tabindex=\"0\"><\/iframe>\n\n<\/div>\n\t\n\n\n\n<p><\/p>\n\n\t<\/div>\n\n<\/div>\n\n<\/div>\n\n\n\n<span id=\"admission\"><\/span>\n\n\n<div class=\"wp-bootstrap-blocks-container container-fluid mb-0 bg-light p-0 pt-5 pb-5\">\n\t\n\n<h2 class=\"has-text-align-center pt-5 pb-5\">Admission<\/h2>\n\n\n\n\n\t<!-- buttons -->\n\t\n\n\n\n<link rel=\"stylesheet\" id=\"table-styles-css\" href=\"https:\/\/mao.si\/wp-content\/themes\/mao\/assets\/css\/table-styles.css?v=1.1\" type=\"text\/css\" media=\"all\">\n\n\n\n<div class=\"container pb-pgpd layout tickets-table\">\n<div class=\"row\">\n<div class=\"col-12 pb-pgpd\">\n\n<div class=\"t-outer-wrap\">\n<div class=\"t-wrap table-2-col\">\n\n\n    \t\t\n\t\t\t\n\t<div class=\"t-section-wrap t-collapse-wrapper t-is-open\">\n\n\n\t\t\t\n\n\n\t\t\t\t\t<div class=\"t-collapsable-body\">\n\n\t\t\t\t\t\t<div class=\"t-entry-row d-block align-items-center t-row-2col\">\n\t\t\t\t\t<div class=\"t-col t-col-1 \">Adults<\/div>\n\t\t\t\t\t<div class=\"t-col t-col-2\">7,00 \u20ac<\/div>\t\t\t\t<\/div>\n\n\t\t\t\t\t\t<div class=\"t-entry-row d-block align-items-center t-row-2col\">\n\t\t\t\t\t<div class=\"t-col t-col-1 \">Schoolchildren, students, seniors <\/div>\n\t\t\t\t\t<div class=\"t-col t-col-2\">3,50 \u20ac<\/div>\t\t\t\t<\/div>\n\n\t\t\t\t\t\t<div class=\"t-entry-row d-block align-items-center t-row-2col\">\n\t\t\t\t\t<div class=\"t-col t-col-1 \">Family (1\u20132 adults and children) <\/div>\n\t\t\t\t\t<div class=\"t-col t-col-2\">12,50 \u20ac<\/div>\t\t\t\t<\/div>\n\n\t\t\t\t\t\t<div class=\"t-entry-row d-block align-items-center t-row-2col\">\n\t\t\t\t\t<div class=\"t-col t-col-1 \">European Youth Card holders<\/div>\n\t\t\t\t\t<div class=\"t-col t-col-2\">1,30 \u20ac<\/div>\t\t\t\t<\/div>\n\n\t\t\t\t\n\t\t\t<\/div>\n\n\t\t\n\t<\/div>\n\n\n    \t\t\n\t\t\t\n\t<div class=\"t-section-wrap t-collapse-wrapper \">\n\n\n\t\t\t\t\t\t\t<div class=\"t-entry-row d-flex align-items-center t-header-row t-row-2col\"  onclick=\"openTableRow(this)\">\n\t\t\t\t\t<div class=\"t-col t-col-hd\">Sundays at MAO <\/div>\n\t\t\t\t\t\n\n\t\t\t\t\t\t\t\t\t\t<div class=\"t-col t-col-close\"><div class=\"t-close-button\">\n\t\t\t\t\t\t<img loading=\"lazy\" class=\"t-icon-open-more\" src=\"https:\/\/mao.si\/wp-content\/themes\/mao\/assets\/img\/icons\/MAO-krizec.svg\" style=\"width: 2.1rem;\">\n\t\t\t\t\t<\/div><\/div>\n\t\t\t\t\t\n\t\t\t\t<\/div>\n\t\t\t\n\n\n\t\t\t\t\t<div class=\"t-collapsable-body\">\n\n\t\t\t\t\t\t<div class=\"t-entry-row d-block align-items-center t-row-2col\">\n\t\t\t\t\t<div class=\"t-col t-col-1 \">Sunday creative workshops for children <\/div>\n\t\t\t\t\t<div class=\"t-col t-col-2\">3,00 \u20ac<\/div>\t\t\t\t<\/div>\n\n\t\t\t\t\t\t<div class=\"t-entry-row d-block align-items-center t-row-2col\">\n\t\t\t\t\t<div class=\"t-col t-col-1 \">Exhibition admission fee for a parent\/carer accompanying their child<\/div>\n\t\t\t\t\t<div class=\"t-col t-col-2\">3,00 \u20ac<\/div>\t\t\t\t<\/div>\n\n\t\t\t\t\n\t\t\t<\/div>\n\n\t\t\n\t<\/div>\n\n\n    \t\t\n\t\t\t\n\t<div class=\"t-section-wrap t-collapse-wrapper \">\n\n\n\t\t\t\t\t\t\t<div class=\"t-entry-row d-flex align-items-center t-header-row t-row-2col\"  onclick=\"openTableRow(this)\">\n\t\t\t\t\t<div class=\"t-col t-col-hd\">Free admission<\/div>\n\t\t\t\t\t\n\n\t\t\t\t\t\t\t\t\t\t<div class=\"t-col t-col-close\"><div class=\"t-close-button\">\n\t\t\t\t\t\t<img loading=\"lazy\" class=\"t-icon-open-more\" src=\"https:\/\/mao.si\/wp-content\/themes\/mao\/assets\/img\/icons\/MAO-krizec.svg\" style=\"width: 2.1rem;\">\n\t\t\t\t\t<\/div><\/div>\n\t\t\t\t\t\n\t\t\t\t<\/div>\n\t\t\t\n\n\n\t\t\t\t\t<div class=\"t-collapsable-body\">\n\n\t\t\t\t\t\t<div class=\"t-entry-row d-block align-items-center t-row-2col\">\n\t\t\t\t\t<div class=\"t-col t-col-1 t-col-fw\">Every first Sunday in the month, International Museum Day, Summer Museum Night; preeschool children, disabled persons, unemployed persons, attendants, journalists, members of professional associations, ICOM card holders<\/div>\n\t\t\t\t\t\t\t\t\t<\/div>\n\n\t\t\t\t\n\t\t\t<\/div>\n\n\t\t\n\t<\/div>\n\n\n    \t\t\n\t\t\t\n\t<div class=\"t-section-wrap t-collapse-wrapper \">\n\n\n\t\t\t\t\t\t\t<div class=\"t-entry-row d-flex align-items-center t-header-row t-row-2col\"  onclick=\"openTableRow(this)\">\n\t\t\t\t\t<div class=\"t-col t-col-hd\">Groups<\/div>\n\t\t\t\t\t\n\n\t\t\t\t\t\t\t\t\t\t<div class=\"t-col t-col-close\"><div class=\"t-close-button\">\n\t\t\t\t\t\t<img loading=\"lazy\" class=\"t-icon-open-more\" src=\"https:\/\/mao.si\/wp-content\/themes\/mao\/assets\/img\/icons\/MAO-krizec.svg\" style=\"width: 2.1rem;\">\n\t\t\t\t\t<\/div><\/div>\n\t\t\t\t\t\n\t\t\t\t<\/div>\n\t\t\t\n\n\n\t\t\t\t\t<div class=\"t-collapsable-body\">\n\n\t\t\t\t\t\t<div class=\"t-entry-row d-block align-items-center t-row-2col\">\n\t\t\t\t\t<div class=\"t-col t-col-1 \">Guided for adults <\/div>\n\t\t\t\t\t<div class=\"t-col t-col-2\">8,00 \u20ac\/pers.<\/div>\t\t\t\t<\/div>\n\n\t\t\t\t\t\t<div class=\"t-entry-row d-block align-items-center t-row-2col\">\n\t\t\t\t\t<div class=\"t-col t-col-1 \">Guided tour for preschool and schoolchildren, secondary school children, students<\/div>\n\t\t\t\t\t<div class=\"t-col t-col-2\">4,00 \u20ac\/pers.<\/div>\t\t\t\t<\/div>\n\n\t\t\t\t\t\t<div class=\"t-entry-row d-block align-items-center t-row-2col\">\n\t\t\t\t\t<div class=\"t-col t-col-1 \">Guided tour and workshop (preschool and schoolchildren, secondary school children students)<\/div>\n\t\t\t\t\t<div class=\"t-col t-col-2\">4,50 \u20ac<\/div>\t\t\t\t<\/div>\n\n\t\t\t\t\t\t<div class=\"t-entry-row d-block align-items-center t-row-2col\">\n\t\t\t\t\t<div class=\"t-col t-col-1 \">Thematic workshop (preschool and schoolchildren)<\/div>\n\t\t\t\t\t<div class=\"t-col t-col-2\">3,00 \u20ac\/pers.<\/div>\t\t\t\t<\/div>\n\n\t\t\t\t\t\t<div class=\"t-entry-row d-block align-items-center t-row-2col\">\n\t\t\t\t\t<div class=\"t-col t-col-1 t-col-fw\">free admission for people with disabilities and their companions<\/div>\n\t\t\t\t\t\t\t\t\t<\/div>\n\n\t\t\t\t\n\t\t\t<\/div>\n\n\t\t\n\t<\/div>\n\n\n    \t\t\n\t\t\t\n\t<div class=\"t-section-wrap t-collapse-wrapper \">\n\n\n\t\t\t\t\t\t\t<div class=\"t-entry-row d-flex align-items-center t-header-row t-row-2col\"  onclick=\"openTableRow(this)\">\n\t\t\t\t\t<div class=\"t-col t-col-hd\">Group guided tours of Ljubljana<\/div>\n\t\t\t\t\t\n\n\t\t\t\t\t\t\t\t\t\t<div class=\"t-col t-col-close\"><div class=\"t-close-button\">\n\t\t\t\t\t\t<img loading=\"lazy\" class=\"t-icon-open-more\" src=\"https:\/\/mao.si\/wp-content\/themes\/mao\/assets\/img\/icons\/MAO-krizec.svg\" style=\"width: 2.1rem;\">\n\t\t\t\t\t<\/div><\/div>\n\t\t\t\t\t\n\t\t\t\t<\/div>\n\t\t\t\n\n\n\t\t\t\t\t<div class=\"t-collapsable-body\">\n\n\t\t\t\t\t\t<div class=\"t-entry-row d-block align-items-center t-row-2col\">\n\t\t\t\t\t<div class=\"t-col t-col-1 \">Adults<\/div>\n\t\t\t\t\t<div class=\"t-col t-col-2\">5,00 \u20ac<\/div>\t\t\t\t<\/div>\n\n\t\t\t\t\t\t<div class=\"t-entry-row d-block align-items-center t-row-2col\">\n\t\t\t\t\t<div class=\"t-col t-col-1 \">Preschool and school children, secondary schoolchildren, students, seniors<\/div>\n\t\t\t\t\t<div class=\"t-col t-col-2\">4,00 \u20ac<\/div>\t\t\t\t<\/div>\n\n\t\t\t\t\n\t\t\t<\/div>\n\n\t\t\n\t<\/div>\n\n\n    \t\t\n\t\t\t\n\t<div class=\"t-section-wrap t-collapse-wrapper \">\n\n\n\t\t\t\t\t\t\t<div class=\"t-entry-row d-flex align-items-center t-header-row t-row-2col\"  onclick=\"openTableRow(this)\">\n\t\t\t\t\t<div class=\"t-col t-col-hd\">Guided tour by boat<\/div>\n\t\t\t\t\t\n\n\t\t\t\t\t\t\t\t\t\t<div class=\"t-col t-col-close\"><div class=\"t-close-button\">\n\t\t\t\t\t\t<img loading=\"lazy\" class=\"t-icon-open-more\" src=\"https:\/\/mao.si\/wp-content\/themes\/mao\/assets\/img\/icons\/MAO-krizec.svg\" style=\"width: 2.1rem;\">\n\t\t\t\t\t<\/div><\/div>\n\t\t\t\t\t\n\t\t\t\t<\/div>\n\t\t\t\n\n\n\t\t\t\t\t<div class=\"t-collapsable-body\">\n\n\t\t\t\t\t\t<div class=\"t-entry-row d-block align-items-center t-row-2col\">\n\t\t\t\t\t<div class=\"t-col t-col-1 \">Adults, students, seniors<\/div>\n\t\t\t\t\t<div class=\"t-col t-col-2\">10,00 \u20ac<\/div>\t\t\t\t<\/div>\n\n\t\t\t\t\t\t<div class=\"t-entry-row d-block align-items-center t-row-2col\">\n\t\t\t\t\t<div class=\"t-col t-col-1 \">Preschool and schoolchildren, secondary school children<\/div>\n\t\t\t\t\t<div class=\"t-col t-col-2\">5,00 \u20ac<\/div>\t\t\t\t<\/div>\n\n\t\t\t\t\n\t\t\t<\/div>\n\n\t\t\n\t<\/div>\n\n\n    \t\t\n\t\t\t\n\t<div class=\"t-section-wrap t-collapse-wrapper \">\n\n\n\t\t\t\t\t\t\t<div class=\"t-entry-row d-flex align-items-center t-header-row t-row-2col\"  onclick=\"openTableRow(this)\">\n\t\t\t\t\t<div class=\"t-col t-col-hd\">Birthday at MAO<\/div>\n\t\t\t\t\t\n\n\t\t\t\t\t\t\t\t\t\t<div class=\"t-col t-col-close\"><div class=\"t-close-button\">\n\t\t\t\t\t\t<img loading=\"lazy\" class=\"t-icon-open-more\" src=\"https:\/\/mao.si\/wp-content\/themes\/mao\/assets\/img\/icons\/MAO-krizec.svg\" style=\"width: 2.1rem;\">\n\t\t\t\t\t<\/div><\/div>\n\t\t\t\t\t\n\t\t\t\t<\/div>\n\t\t\t\n\n\n\t\t\t\t\t<div class=\"t-collapsable-body\">\n\n\t\t\t\t\t\t<div class=\"t-entry-row d-block align-items-center t-row-2col\">\n\t\t\t\t\t<div class=\"t-col t-col-1 \">10 people or less<\/div>\n\t\t\t\t\t<div class=\"t-col t-col-2\">100,00 \u20ac<\/div>\t\t\t\t<\/div>\n\n\t\t\t\t\t\t<div class=\"t-entry-row d-block align-items-center t-row-2col\">\n\t\t\t\t\t<div class=\"t-col t-col-1 \">11 to 20 people<\/div>\n\t\t\t\t\t<div class=\"t-col t-col-2\">120,00 \u20ac<\/div>\t\t\t\t<\/div>\n\n\t\t\t\t\t\t<div class=\"t-entry-row d-block align-items-center t-row-2col\">\n\t\t\t\t\t<div class=\"t-col t-col-1 \">more than 20 people<\/div>\n\t\t\t\t\t<div class=\"t-col t-col-2\">140,00 \u20ac<\/div>\t\t\t\t<\/div>\n\n\t\t\t\t\n\t\t\t<\/div>\n\n\t\t\n\t<\/div>\n\n<\/div>\n<\/div>\n\n<\/div>\n<\/div>\n<\/div>\n\n\n<script>\nfunction openTableRow(el) {\n    \n    let rowWrap = el.parentElement;\n    \n    if(rowWrap.classList.contains('t-is-open')) {\n        closeTableRow(rowWrap);\n    } else {\n        \/** closeAllRows(); **\/\n        rowWrap.classList.add('t-is-open'); \n        \/** scrollToOpenDiv(rowWrap); **\/\n\tcloseNav();\n    }\n    \n  \n    \n}\n\nfunction closeTableRow(el) {\n    el.classList.remove('t-is-open');\n}\n\nfunction closeAllTableRows() {\n    let openedRows = document.querySelectorAll('.t-is-open');\n    \n    for (let i=0; i<openedRows.length; i++) {\n        openedRows[i].classList.remove('t-is-open');\n    }\n}\n\nfunction closeNav() {\n     setTimeout(function(){     document.body.classList.remove('nav-is-visible');\n  }, 1000); \/\/ hide menu \n}\n\n<\/script>\n\n\n\n\n\n\n<\/div>\n\n\n\n<span id=\"library\"><\/span>\n\n\n\n\n\n<div id=\"layout-block_5fff4d36f063c\" class=\"layout\">\n\n\t\n\t<div class=\"bta-container container-fluid mb-0 animate-on-visible\">\n\t<div class=\"bta-row row bg-white\" style=\"color:inherit\">\n\n\n\n\n\n<div class=\"col-12 col-lg-6 p-0\">\n\t\t\t\t\t\t\t\t\t<div class=\"wp-block-cover 50vh nomobile bckg-image\" style=\"background-image:url('https:\/\/mao.si\/wp-content\/uploads\/2021\/01\/MAO-info-knjiznica-1.jpg')\"><\/div>\n\t\t\t<\/div>\n\n\n\n\n\n\n\n\n\n\n\t<div class=\"col-12 col-lg-6  p-pgpd align-self-center\">\n\t<h3 class=\"p1\"><b>Library<\/b><\/h3>\n<p>When it was founded in 1972, the museum\u2019s library collection consisted only of Ple\u010dnik\u2019s library. The library has been significantly enriched by private book collections donated by individual architects, including Du\u0161an Grabrijan, Jaroslav Foerster, Ivo Spin\u010di\u010d, Drago Umek, Jaroslav \u010cernigoj, Pavel G\u00f6stl, Stanko Rohrman, as well as photographers Damjan Gale, Stojan Kerbler, and others. In addition, the library acquired books from the estates of architects such as Edvard Ravnikar, Vladimir Braco Mu\u0161i\u010d, Danilo F\u00fcrst, Niko Kralj, and Vladimira Bratu\u017e Furlan. Today, the library holds approximately 13,000 monographs on architecture, design, and photography, and more than 5,200 items of specialized serial publications. Its archive of Slovenian and foreign magazines is particularly extensive. Since 1972, a part of the library\u2019s work has been dedicated to documenting and keeping a record of articles relating to museum exhibition and other activities.<\/p>\n<p>&nbsp;<\/p>\n<p><strong>Opening hours<\/strong><\/p>\n<p>Monday\u2013Friday: 10 a. m. \u2013 2 p. m.<\/p>\n<p><strong>\u00a0<\/strong><\/p>\n<p>Head Librarian: Neli Grafenauer<\/p>\n<p>01\/5484 281<\/p>\n<p>knjiznica@mao.si<\/p>\n\n\t\t<\/div>\n\n\n\n\n\n\t\n\n\n\n\n\n<div class=\"col-12 col-lg-6 p-0 mobileonly\" style=\"padding-bottom:0!important\">\n\t\t\t\t\t\t\t\t<div class=\"wp-block-cover 50vh bckg-image\" style=\"background-image:url('https:\/\/mao.si\/wp-content\/uploads\/2021\/01\/MAO-info-knjiznica-1.jpg')\"><\/div>\n\t\t\t<\/div>\n\n\n\t\n\n\t<\/div>\n\t<\/div>\n\n\n\n<\/div>\n\n\n\n\n\n\n\n\n<span id=\"cafe\"><\/span>\n\n\n\n\n\n<div id=\"layout-block_5fff4dabf063d\" class=\"layout\">\n\n\t\n\t<div class=\"bta-container container-fluid mb-0 animate-on-visible\">\n\t<div class=\"bta-row row bg-white\" style=\"color:inherit\">\n\n\n\n\n\n\t\n\t<div class=\"col-12 col-lg-6  p-pgpd align-self-center\">\n\t<h3 class=\"p1\"><b>Caf\u00e9<\/b><\/h3>\n<p>New exhibitions and inspirations are best shared over a good cup of coffee. Offering a unique experience of Slovenian architecture and design, caf\u00e9 MAO is furnished with a range of celebrated Slovenian design donated to MAO specifically for this purpose by visitors and renowned Slovenian architects and designers. On warm days, the caf\u00e9 space opens onto the museum courtyard, shaded by the pleasant canopy of the castle\u2019s linden tree.<\/p>\n<p>&nbsp;<\/p>\n<p data-start=\"223\" data-end=\"300\">The MAO caf\u00e9 is operated by the Secondary School of Gastronomy and Tourism Ljubljana.<\/p>\n<p>&nbsp;<\/p>\n<p><strong>Opening hours<\/strong><\/p>\n<p>Winter \/ Monday\u2013Sunday: 9:00 a.m.\u20137:00 p.m.<br data-start=\"114\" data-end=\"117\" \/>Summer \/ Monday\u2013Sunday: 9:00 a.m.\u20139:00 p.m.<\/p>\n<p>Closed: Mondays, 1 January, 1 November, 25 December<\/p>\n\n\t\t<\/div>\n\n\n\n\n\n\n\n\n\n\n\n\n<div class=\"col-12 col-lg-6 p-0 nomobile\" style=\"background-color:#f5f5f5\">\n\t\t\t\t\t\t\t\t\t<div class=\"wp-block-cover 50vh bckg-image\" style=\"background-image:url('https:\/\/mao.si\/wp-content\/uploads\/2021\/01\/MAO-info-kavarna-1.jpg')\"><\/div>\n\t\t\t<\/div>\n\n\n\n\n\t\n\n\n\n\n\n<div class=\"col-12 col-lg-6 p-0 mobileonly\" style=\"padding-bottom:0!important\">\n\t\t\t\t\t\t\t\t<div class=\"wp-block-cover 50vh bckg-image\" style=\"background-image:url('https:\/\/mao.si\/wp-content\/uploads\/2021\/01\/MAO-info-kavarna-1.jpg')\"><\/div>\n\t\t\t<\/div>\n\n\n\t\n\n\t<\/div>\n\t<\/div>\n\n\n\n<\/div>\n\n\n\n\n\n","protected":false},"excerpt":{"rendered":"","protected":false},"author":1,"featured_media":0,"parent":0,"menu_order":42,"comment_status":"closed","ping_status":"closed","template":"","meta":{"_uf_show_specific_survey":0,"_uf_disable_surveys":false},"aioseo_notices":[],"_links":{"self":[{"href":"https:\/\/mao.si\/en\/wp-json\/wp\/v2\/pages\/3753"}],"collection":[{"href":"https:\/\/mao.si\/en\/wp-json\/wp\/v2\/pages"}],"about":[{"href":"https:\/\/mao.si\/en\/wp-json\/wp\/v2\/types\/page"}],"author":[{"embeddable":true,"href":"https:\/\/mao.si\/en\/wp-json\/wp\/v2\/users\/1"}],"replies":[{"embeddable":true,"href":"https:\/\/mao.si\/en\/wp-json\/wp\/v2\/comments?post=3753"}],"version-history":[{"count":43,"href":"https:\/\/mao.si\/en\/wp-json\/wp\/v2\/pages\/3753\/revisions"}],"predecessor-version":[{"id":33912,"href":"https:\/\/mao.si\/en\/wp-json\/wp\/v2\/pages\/3753\/revisions\/33912"}],"wp:attachment":[{"href":"https:\/\/mao.si\/en\/wp-json\/wp\/v2\/media?parent=3753"}],"curies":[{"name":"wp","href":"https:\/\/api.w.org\/{rel}","templated":true}]}}